{"id":11102,"date":"2025-07-05T16:57:08","date_gmt":"2025-07-05T14:57:08","guid":{"rendered":"https:\/\/www.katana-ffm.de\/?page_id=11102"},"modified":"2025-07-05T17:00:28","modified_gmt":"2025-07-05T15:00:28","slug":"27-tengu-cup-28-06-29-06-2025","status":"publish","type":"page","link":"https:\/\/www.katana-ffm.de\/en\/27-tengu-cup-28-06-29-06-2025\/","title":{"rendered":"27. Tengu Cup (28.06 \u2013 29.06.2025)"},"content":{"rendered":"<p>Zum 27. mal hat am 28. Juni 2025 Katana Frankfurt den Tengu-Cup ausgerichtet. Jedes Jahr zieht dieses Turnier Kendoka aus der ganzen Welt an.<\/p>\n<p>Der Katana Vorstand m\u00f6chte sich hiermit bei allen Teilnehmern, Kampfrichtern und den vielen Helfern f\u00fcr ein erfolgreiches und sch\u00f6nes Turnier bedanken. Au\u00dferdem w\u00fcnscht Katana allen Dan- und Kyu-Pr\u00fcflingen, die am Sonntag ihre Pr\u00fcfungen bestanden haben, einen herzlichen Gl\u00fcckwunsch.<\/p>\n<p>Bilder zum Tengu Cup 2025 findet Ihr <a href=\"https:\/\/www.katana-ffm.de\/galerie\/nggallery\/tengu-cup\/tengu-cup-2025\">&gt;&gt;&gt;HIER&lt;&lt;&lt;<\/a><\/p>\n\n\n<figure class=\"wp-block-image size-full\"><img decoding=\"async\" loading=\"lazy\" width=\"807\" height=\"944\" src=\"https:\/\/www.katana-ffm.de\/wp-content\/uploads\/2025\/07\/tengucupresults2025.png\" alt=\"\" class=\"wp-image-11104\" srcset=\"https:\/\/www.katana-ffm.de\/wp-content\/uploads\/2025\/07\/tengucupresults2025.png 807w, https:\/\/www.katana-ffm.de\/wp-content\/uploads\/2025\/07\/tengucupresults2025-256x300.png 256w, https:\/\/www.katana-ffm.de\/wp-content\/uploads\/2025\/07\/tengucupresults2025-768x898.png 768w\" sizes=\"(max-width: 807px) 100vw, 807px\" \/><\/figure>\n\n\n\n<figure class=\"wp-block-image size-full\"><img decoding=\"async\" loading=\"lazy\" width=\"807\" height=\"908\" src=\"https:\/\/www.katana-ffm.de\/wp-content\/uploads\/2025\/07\/tengucupresults2025_2.png\" alt=\"\" class=\"wp-image-11105\" srcset=\"https:\/\/www.katana-ffm.de\/wp-content\/uploads\/2025\/07\/tengucupresults2025_2.png 807w, https:\/\/www.katana-ffm.de\/wp-content\/uploads\/2025\/07\/tengucupresults2025_2-267x300.png 267w, https:\/\/www.katana-ffm.de\/wp-content\/uploads\/2025\/07\/tengucupresults2025_2-768x864.png 768w\" sizes=\"(max-width: 807px) 100vw, 807px\" \/><\/figure>\n","protected":false},"excerpt":{"rendered":"<p>Zum 27. mal hat am 28. Juni 2025 Katana Frankfurt den Tengu-Cup ausgerichtet. Jedes Jahr zieht dieses Turnier Kendoka aus der ganzen Welt an. Der Katana Vorstand m\u00f6chte sich hiermit bei allen Teilnehmern, Kampfrichtern und den vielen Helfern f\u00fcr ein erfolgreiches und sch\u00f6nes Turnier bedanken. Au\u00dferdem w\u00fcnscht Katana allen Dan- und Kyu-Pr\u00fcflingen, die am Sonntag <a class=\"read-more\" href=\"https:\/\/www.katana-ffm.de\/en\/27-tengu-cup-28-06-29-06-2025\/\">Read More<\/a><\/p>\n","protected":false},"author":28,"featured_media":0,"parent":0,"menu_order":0,"comment_status":"closed","ping_status":"closed","template":"","meta":{"ngg_post_thumbnail":0,"footnotes":""},"translation":{"provider":"WPGlobus","version":"2.12.2","language":"en","enabled_languages":["de","en"],"languages":{"de":{"title":true,"content":true,"excerpt":false},"en":{"title":false,"content":false,"excerpt":false}}},"_links":{"self":[{"href":"https:\/\/www.katana-ffm.de\/en\/wp-json\/wp\/v2\/pages\/11102"}],"collection":[{"href":"https:\/\/www.katana-ffm.de\/en\/wp-json\/wp\/v2\/pages"}],"about":[{"href":"https:\/\/www.katana-ffm.de\/en\/wp-json\/wp\/v2\/types\/page"}],"author":[{"embeddable":true,"href":"https:\/\/www.katana-ffm.de\/en\/wp-json\/wp\/v2\/users\/28"}],"replies":[{"embeddable":true,"href":"https:\/\/www.katana-ffm.de\/en\/wp-json\/wp\/v2\/comments?post=11102"}],"version-history":[{"count":2,"href":"https:\/\/www.katana-ffm.de\/en\/wp-json\/wp\/v2\/pages\/11102\/revisions"}],"predecessor-version":[{"id":11106,"href":"https:\/\/www.katana-ffm.de\/en\/wp-json\/wp\/v2\/pages\/11102\/revisions\/11106"}],"wp:attachment":[{"href":"https:\/\/www.katana-ffm.de\/en\/wp-json\/wp\/v2\/media?parent=11102"}],"curies":[{"name":"wp","href":"https:\/\/api.w.org\/{rel}","templated":true}]}}