{"id":1613,"date":"2015-08-11T09:22:42","date_gmt":"2015-08-11T07:22:42","guid":{"rendered":"http:\/\/www.katana-ffm.de\/?page_id=1613"},"modified":"2016-06-27T07:49:57","modified_gmt":"2016-06-27T05:49:57","slug":"19-tengu-cup","status":"publish","type":"page","link":"https:\/\/www.katana-ffm.de\/en\/19-tengu-cup\/","title":{"rendered":"19. Tengu Cup (18.06-19.06)"},"content":{"rendered":"<p>Zum 19. mal hat am 18. Juni 2016 Katana Frankfurt den Tengu-Cup ausgerichtet. Jedes Jahr zieht dieses Turnier Kendoka aus der ganzen Welt an.<br \/>\nDer Katana Vorstand m\u00f6chte sich hiermit bei allen Teilnehmern, Schiedrichtern und den vielen Helfern f\u00fcr ein erfolgreiches und sch\u00f6nes Turnier bedanken. Au\u00dferdem w\u00fcnscht Katana allen Dan- und Kyu-Pr\u00fcflingen, die am Sonntag ihre Pr\u00fcfungen bestanden haben, einen herzlichen Gl\u00fcckwunsch.<\/p>\n<p>Bilder zum Tengu Cup 2016 findet Ihr <a href=\"https:\/\/www.katana-ffm.de\/?page_id=150&#038;wppa-album=54&#038;wppa-cover=0&#038;wppa-occur=1\">&gt;HIER&lt;<\/a><\/p>\n<hr \/>\n<p><img decoding=\"async\" loading=\"lazy\" src=\"https:\/\/www.katana-ffm.de\/wp-content\/uploads\/2015\/08\/tengu-cup-2016-result.png\" alt=\"tengu cup 2016 result\" width=\"1609\" height=\"1418\" class=\"aligncenter size-full wp-image-2313\" srcset=\"https:\/\/www.katana-ffm.de\/wp-content\/uploads\/2015\/08\/tengu-cup-2016-result.png 1609w, https:\/\/www.katana-ffm.de\/wp-content\/uploads\/2015\/08\/tengu-cup-2016-result-300x264.png 300w, https:\/\/www.katana-ffm.de\/wp-content\/uploads\/2015\/08\/tengu-cup-2016-result-768x677.png 768w, https:\/\/www.katana-ffm.de\/wp-content\/uploads\/2015\/08\/tengu-cup-2016-result-600x529.png 600w\" sizes=\"(max-width: 1609px) 100vw, 1609px\" \/><\/p>\n","protected":false},"excerpt":{"rendered":"<p>Zum 19. mal hat am 18. Juni 2016 Katana Frankfurt den Tengu-Cup ausgerichtet. Jedes Jahr zieht dieses Turnier Kendoka aus der ganzen Welt an. Der Katana Vorstand m\u00f6chte sich hiermit bei allen Teilnehmern, Schiedrichtern und den vielen Helfern f\u00fcr ein erfolgreiches und sch\u00f6nes Turnier bedanken. Au\u00dferdem w\u00fcnscht Katana allen Dan- und Kyu-Pr\u00fcflingen, die am Sonntag <a class=\"read-more\" href=\"https:\/\/www.katana-ffm.de\/en\/19-tengu-cup\/\">Read More<\/a><\/p>\n","protected":false},"author":28,"featured_media":0,"parent":0,"menu_order":0,"comment_status":"closed","ping_status":"closed","template":"","meta":{"ngg_post_thumbnail":0,"footnotes":""},"translation":{"provider":"WPGlobus","version":"2.12.2","language":"en","enabled_languages":["de","en"],"languages":{"de":{"title":true,"content":true,"excerpt":false},"en":{"title":false,"content":false,"excerpt":false}}},"_links":{"self":[{"href":"https:\/\/www.katana-ffm.de\/en\/wp-json\/wp\/v2\/pages\/1613"}],"collection":[{"href":"https:\/\/www.katana-ffm.de\/en\/wp-json\/wp\/v2\/pages"}],"about":[{"href":"https:\/\/www.katana-ffm.de\/en\/wp-json\/wp\/v2\/types\/page"}],"author":[{"embeddable":true,"href":"https:\/\/www.katana-ffm.de\/en\/wp-json\/wp\/v2\/users\/28"}],"replies":[{"embeddable":true,"href":"https:\/\/www.katana-ffm.de\/en\/wp-json\/wp\/v2\/comments?post=1613"}],"version-history":[{"count":18,"href":"https:\/\/www.katana-ffm.de\/en\/wp-json\/wp\/v2\/pages\/1613\/revisions"}],"predecessor-version":[{"id":2316,"href":"https:\/\/www.katana-ffm.de\/en\/wp-json\/wp\/v2\/pages\/1613\/revisions\/2316"}],"wp:attachment":[{"href":"https:\/\/www.katana-ffm.de\/en\/wp-json\/wp\/v2\/media?parent=1613"}],"curies":[{"name":"wp","href":"https:\/\/api.w.org\/{rel}","templated":true}]}}