{"id":2437,"date":"2016-12-23T09:17:49","date_gmt":"2016-12-23T08:17:49","guid":{"rendered":"http:\/\/www.katana-ffm.de\/?page_id=2437"},"modified":"2022-04-01T07:48:03","modified_gmt":"2022-04-01T05:48:03","slug":"news-2","status":"publish","type":"page","link":"https:\/\/www.katana-ffm.de\/en\/news-2\/","title":{"rendered":"News"},"content":{"rendered":"\n<a href=\"https:\/\/www.katana-ffm.de\/\">Click here for German version.<\/a>\n<p><\/p>\n<p><img decoding=\"async\" loading=\"lazy\" class=\"aligncenter size-full wp-image-3984\" src=\"https:\/\/www.katana-ffm.de\/wp-content\/uploads\/2019\/04\/Bundestrainer_2019_KatanaGruppenbild.png\" alt=\"\" width=\"1024\" height=\"683\" srcset=\"https:\/\/www.katana-ffm.de\/wp-content\/uploads\/2019\/04\/Bundestrainer_2019_KatanaGruppenbild.png 1024w, https:\/\/www.katana-ffm.de\/wp-content\/uploads\/2019\/04\/Bundestrainer_2019_KatanaGruppenbild-300x200.png 300w, https:\/\/www.katana-ffm.de\/wp-content\/uploads\/2019\/04\/Bundestrainer_2019_KatanaGruppenbild-768x512.png 768w\" sizes=\"(max-width: 1024px) 100vw, 1024px\" \/><\/p>\n<p>[frontpage_news widget=&#8221;95&#8243; name=&#8221;News&#8221;]<\/p>\n<p style=\"text-align: right;\"><a href=\"https:\/\/www.katana-ffm.de\/?cat=1\">\u00c4ltere Beitr\u00e4ge nachlesen<\/a><\/p>\n<p style=\"text-align: left;\">Die News k\u00f6nnen auch als <a href=\"https:\/\/www.katana-ffm.de\/?feed=rss2\" target=\"_blank\" rel=\"noopener\">RSS-Feed<\/a> abonniert werden<\/p>\n\n\n\n<p><\/p>\n","protected":false},"excerpt":{"rendered":"<p>Click here for German version. [frontpage_news widget=&#8221;95&#8243; name=&#8221;News&#8221;] \u00c4ltere Beitr\u00e4ge nachlesen Die News k\u00f6nnen auch als RSS-Feed abonniert werden<\/p>\n","protected":false},"author":28,"featured_media":0,"parent":0,"menu_order":0,"comment_status":"closed","ping_status":"closed","template":"","meta":{"ngg_post_thumbnail":0,"footnotes":""},"translation":{"provider":"WPGlobus","version":"2.12.2","language":"en","enabled_languages":["de","en"],"languages":{"de":{"title":true,"content":true,"excerpt":false},"en":{"title":false,"content":false,"excerpt":false}}},"_links":{"self":[{"href":"https:\/\/www.katana-ffm.de\/en\/wp-json\/wp\/v2\/pages\/2437"}],"collection":[{"href":"https:\/\/www.katana-ffm.de\/en\/wp-json\/wp\/v2\/pages"}],"about":[{"href":"https:\/\/www.katana-ffm.de\/en\/wp-json\/wp\/v2\/types\/page"}],"author":[{"embeddable":true,"href":"https:\/\/www.katana-ffm.de\/en\/wp-json\/wp\/v2\/users\/28"}],"replies":[{"embeddable":true,"href":"https:\/\/www.katana-ffm.de\/en\/wp-json\/wp\/v2\/comments?post=2437"}],"version-history":[{"count":83,"href":"https:\/\/www.katana-ffm.de\/en\/wp-json\/wp\/v2\/pages\/2437\/revisions"}],"predecessor-version":[{"id":9040,"href":"https:\/\/www.katana-ffm.de\/en\/wp-json\/wp\/v2\/pages\/2437\/revisions\/9040"}],"wp:attachment":[{"href":"https:\/\/www.katana-ffm.de\/en\/wp-json\/wp\/v2\/media?parent=2437"}],"curies":[{"name":"wp","href":"https:\/\/api.w.org\/{rel}","templated":true}]}}