{"id":2454,"date":"2016-08-05T08:26:54","date_gmt":"2016-08-05T06:26:54","guid":{"rendered":"http:\/\/www.katana-ffm.de\/?page_id=2454"},"modified":"2016-08-05T08:26:54","modified_gmt":"2016-08-05T06:26:54","slug":"12-tengu-cup-2009","status":"publish","type":"page","link":"https:\/\/www.katana-ffm.de\/en\/12-tengu-cup-2009\/","title":{"rendered":"12. Tengu Cup 2009"},"content":{"rendered":"<p style=\"text-align: left;\"><img decoding=\"async\" loading=\"lazy\" class=\"alignleft\" src=\"https:\/\/www.katana-ffm.de\/CMS\/images\/content\/Tengu-Cup_2009_068-400.jpg\" alt=\"\" width=\"226\" height=\"150\" \/>Zum 12. mal hat am 13. Juni 2009 Katana Frankfurt den Tengu-Cup ausgerichtet. Jedes Jahr zieht dieses Turnier Kendoka aus der ganzen Welt an. Dieses mal waren insgesamt 292 Teilnehmer gemeldet, die in den Kategorien Kyu, Dan und Mannschaft k\u00e4mpften. Der Katana Vorstand m\u00f6chte sich hiermit bei allen Teilnehmern, Schiedrichtern und den vielen Helfern f\u00fcr ein erfolgreiches und sch\u00f6nes Turnier bedanken. Au\u00dferdem w\u00fcnscht Katana allen Dan- und Kyu-Pr\u00fcflingen, die am Sonntag ihre Pr\u00fcfungen bestanden haben, einen herzlichen Gl\u00fcckwunsch.<\/p>\n<hr style=\"color: #a9a9a9;\" \/>\n<h1 style=\"color: #dc0000;\">Ergebnisse<\/h1>\n<table style=\"color: #000000;\" border=\"1\" width=\"100%\" cellspacing=\"0\" cellpadding=\"0\">\n<tbody>\n<tr>\n<td colspan=\"3\">\n<h3 style=\"color: #dc0000;\"> <strong>KYU-Turnier<\/strong><\/h3>\n<\/td>\n<\/tr>\n<tr>\n<td>1. Platz<\/td>\n<td>Przemyslaw Szymiec<\/td>\n<td>Kendo Katowice<\/td>\n<\/tr>\n<tr>\n<td>2. Platz<\/td>\n<td>Mathieu Schoch<\/td>\n<td>Swiss<\/td>\n<\/tr>\n<tr>\n<td>3. Platz<\/td>\n<td>Patrick Koko<\/td>\n<td>Budoclub Dresden<\/td>\n<\/tr>\n<tr>\n<td>3. Platz<\/td>\n<td>Bart Dashorst<\/td>\n<td>NKR<\/td>\n<\/tr>\n<tr>\n<td colspan=\"3\">\n<h3 style=\"color: #dc0000;\"> <strong>DAN-Turnier<\/strong><\/h3>\n<\/td>\n<\/tr>\n<tr>\n<td> 1. Platz<\/td>\n<td> Norbert Kir\u00e1ly<\/td>\n<td>Hungary Kendo Federation<\/td>\n<\/tr>\n<tr>\n<td> 2. Platz<\/td>\n<td> Mikl\u00f3s Trum<\/td>\n<td>Hungary Kendo Federation<\/td>\n<\/tr>\n<tr>\n<td> 3. Platz<\/td>\n<td> Werner Karnadi<\/td>\n<td>NKR<\/td>\n<\/tr>\n<tr>\n<td> 3. Platz<\/td>\n<td> Ayako Okuura<\/td>\n<td>Katana Frankurt<\/td>\n<\/tr>\n<tr>\n<td colspan=\"3\">\n<h3 style=\"color: #dc0000;\">  <strong>Mannschaftsturnier<\/strong><\/h3>\n<\/td>\n<\/tr>\n<tr>\n<td rowspan=\"6\">1. Platz<\/td>\n<td rowspan=\"6\">DKenB-M<\/td>\n<td>Jan Ulmer<\/td>\n<\/tr>\n<tr>\n<td>Roberto Kumpf<\/td>\n<\/tr>\n<tr>\n<td>Sascha Schullcke<\/td>\n<\/tr>\n<tr>\n<td>Marcus Spengler<\/td>\n<\/tr>\n<tr>\n<td>Mirko Stankovic<\/td>\n<\/tr>\n<tr>\n<td>Hanns-Peter Herr<\/td>\n<\/tr>\n<tr>\n<td rowspan=\"5\">2. Platz<\/td>\n<td rowspan=\"5\">Hungary A<\/td>\n<td>S\u00e1ndor Dubi<\/td>\n<\/tr>\n<tr>\n<td>S\u00e1ndor Attila<\/td>\n<\/tr>\n<tr>\n<td>Norbert Kir\u00e1ly<\/td>\n<\/tr>\n<tr>\n<td>G\u00e1bor Babos<\/td>\n<\/tr>\n<tr>\n<td>Bal\u00e1zs T\u00f3th<\/td>\n<\/tr>\n<tr>\n<td rowspan=\"5\">3. Platz<\/td>\n<td rowspan=\"5\">Atomium 1<\/td>\n<td>Wesley Haeke<\/td>\n<\/tr>\n<tr>\n<td>Peter D&#8217;Hont<\/td>\n<\/tr>\n<tr>\n<td>Stefan van Boven<\/td>\n<\/tr>\n<tr>\n<td>Lisa van Laecken<\/td>\n<\/tr>\n<tr>\n<td>Thomas van Eycken<\/td>\n<\/tr>\n<tr>\n<td rowspan=\"5\">3. Platz<\/td>\n<td rowspan=\"5\">Sprendlingen 1<\/td>\n<td>Norman Seidel<\/td>\n<\/tr>\n<tr>\n<td>Wolfgang Kulzer<\/td>\n<\/tr>\n<tr>\n<td>Jens M\u00fcller<\/td>\n<\/tr>\n<tr>\n<td>Alex Rebel<\/td>\n<\/tr>\n<tr>\n<td>Kiriko Kamiya<\/td>\n<\/tr>\n<\/tbody>\n<\/table>\n<h2 style=\"color: #dc0000;\"><\/h2>\n<hr style=\"color: #a9a9a9;\" \/>\n<h1 style=\"color: #dc0000;\">Schiedsrichter<\/h1>\n<table style=\"color: #000000;\" border=\"0\" width=\"100%\" cellspacing=\"1\" cellpadding=\"1\">\n<tbody>\n<tr>\n<td><\/td>\n<td><strong>Shimpan-Cho<\/strong><\/td>\n<td><strong>Louis Vitalis (NL)<\/strong><\/td>\n<\/tr>\n<tr>\n<td><strong>Kampffl\u00e4che 1<\/strong><\/td>\n<td><strong>Shimpan-Shunin<\/strong><\/td>\n<td><strong>Tsuneo Suzuki (D)<\/strong><\/td>\n<\/tr>\n<tr>\n<td><\/td>\n<td><\/td>\n<td>Tomonari Miwa (D)<\/td>\n<\/tr>\n<tr>\n<td><\/td>\n<td><\/td>\n<td>Rene Bonne (NL)<\/td>\n<\/tr>\n<tr>\n<td><\/td>\n<td><\/td>\n<td>Aranka Sipos ( HU)<\/td>\n<\/tr>\n<tr>\n<td><\/td>\n<td><\/td>\n<td>Walter Kautz (D)<\/td>\n<\/tr>\n<tr>\n<td><strong>Kampffl\u00e4che 2<\/strong><\/td>\n<td><strong>Shiman-Shunin<\/strong><\/td>\n<td><strong>Louis Vitalis (NL)<\/strong><\/td>\n<\/tr>\n<tr>\n<td><\/td>\n<td><\/td>\n<td>Pierre Lheureux (F)<\/td>\n<\/tr>\n<tr>\n<td><\/td>\n<td><\/td>\n<td>Yoshinobu Kurogi (B)<\/td>\n<\/tr>\n<tr>\n<td><\/td>\n<td><\/td>\n<td>Kenji Kato (D)<\/td>\n<\/tr>\n<tr>\n<td><\/td>\n<td><\/td>\n<td>Christel Heininger (D)<\/td>\n<\/tr>\n<tr>\n<td><strong>Kampffl\u00e4che 3<\/strong><\/td>\n<td><strong>Shimpan-Shunin<\/strong><\/td>\n<td><strong>Abe Tetsushi (HU)<\/strong><\/td>\n<\/tr>\n<tr>\n<td><\/td>\n<td><\/td>\n<td>Suzuki-Sensei (J)<\/td>\n<\/tr>\n<tr>\n<td><\/td>\n<td><\/td>\n<td>Tetsuo Kozasa (B)<\/td>\n<\/tr>\n<tr>\n<td><\/td>\n<td><\/td>\n<td>Monika Kr\u00e4mer (D)<\/td>\n<\/tr>\n<tr>\n<td><\/td>\n<td><\/td>\n<td>Stefan Guffler (D)<\/td>\n<\/tr>\n<tr>\n<td><strong>Kampffl\u00e4che 4<\/strong><\/td>\n<td><strong>Shimpan-Shunin<\/strong><\/td>\n<td><strong>Ryutaro Kamemoto (A)<\/strong><\/td>\n<\/tr>\n<tr>\n<td><\/td>\n<td><\/td>\n<td>Ren\u00e9 F\u00fchren (D)<\/td>\n<\/tr>\n<tr>\n<td><\/td>\n<td><\/td>\n<td>Hans Schmitt (D)<\/td>\n<\/tr>\n<tr>\n<td><\/td>\n<td><\/td>\n<td>Ejii Ohashi (D)<\/td>\n<\/tr>\n<tr>\n<td><\/td>\n<td><\/td>\n<td>Chie Meinberg (D)<\/td>\n<\/tr>\n<tr>\n<td><strong>Kampffl\u00e4che 5<\/strong><\/td>\n<td><strong>Shimpan-Shunin<\/strong><\/td>\n<td><strong>Jolanda Dekker (NL)<\/strong><\/td>\n<\/tr>\n<tr>\n<td><\/td>\n<td><\/td>\n<td>Dr. Paul-Otto Forstreuter (D)<\/td>\n<\/tr>\n<tr>\n<td><\/td>\n<td><\/td>\n<td>Hiroshi Kozaki (D)<\/td>\n<\/tr>\n<tr>\n<td><\/td>\n<td><\/td>\n<td>Martin Steinbrenner (D)<\/td>\n<\/tr>\n<tr>\n<td><\/td>\n<td><\/td>\n<td>Gabor Erdelyi (HU)<\/td>\n<\/tr>\n<tr>\n<td><\/td>\n<td><\/td>\n<td>Udo Hofmann (D)<\/td>\n<\/tr>\n<\/tbody>\n<\/table>\n","protected":false},"excerpt":{"rendered":"<p>Zum 12. mal hat am 13. Juni 2009 Katana Frankfurt den Tengu-Cup ausgerichtet. Jedes Jahr zieht dieses Turnier Kendoka aus der ganzen Welt an. Dieses mal waren insgesamt 292 Teilnehmer gemeldet, die in den Kategorien Kyu, Dan und Mannschaft k\u00e4mpften. Der Katana Vorstand m\u00f6chte sich hiermit bei allen Teilnehmern, Schiedrichtern und den vielen Helfern f\u00fcr <a class=\"read-more\" href=\"https:\/\/www.katana-ffm.de\/en\/12-tengu-cup-2009\/\">Read More<\/a><\/p>\n","protected":false},"author":28,"featured_media":0,"parent":0,"menu_order":0,"comment_status":"closed","ping_status":"closed","template":"","meta":{"ngg_post_thumbnail":0,"footnotes":""},"translation":{"provider":"WPGlobus","version":"2.12.2","language":"en","enabled_languages":["de","en"],"languages":{"de":{"title":true,"content":true,"excerpt":false},"en":{"title":false,"content":false,"excerpt":false}}},"_links":{"self":[{"href":"https:\/\/www.katana-ffm.de\/en\/wp-json\/wp\/v2\/pages\/2454"}],"collection":[{"href":"https:\/\/www.katana-ffm.de\/en\/wp-json\/wp\/v2\/pages"}],"about":[{"href":"https:\/\/www.katana-ffm.de\/en\/wp-json\/wp\/v2\/types\/page"}],"author":[{"embeddable":true,"href":"https:\/\/www.katana-ffm.de\/en\/wp-json\/wp\/v2\/users\/28"}],"replies":[{"embeddable":true,"href":"https:\/\/www.katana-ffm.de\/en\/wp-json\/wp\/v2\/comments?post=2454"}],"version-history":[{"count":1,"href":"https:\/\/www.katana-ffm.de\/en\/wp-json\/wp\/v2\/pages\/2454\/revisions"}],"predecessor-version":[{"id":2455,"href":"https:\/\/www.katana-ffm.de\/en\/wp-json\/wp\/v2\/pages\/2454\/revisions\/2455"}],"wp:attachment":[{"href":"https:\/\/www.katana-ffm.de\/en\/wp-json\/wp\/v2\/media?parent=2454"}],"curies":[{"name":"wp","href":"https:\/\/api.w.org\/{rel}","templated":true}]}}