{"id":2460,"date":"2016-08-05T08:29:32","date_gmt":"2016-08-05T06:29:32","guid":{"rendered":"http:\/\/www.katana-ffm.de\/?page_id=2460"},"modified":"2016-08-05T08:29:32","modified_gmt":"2016-08-05T06:29:32","slug":"15-tengu-cup-2012","status":"publish","type":"page","link":"https:\/\/www.katana-ffm.de\/en\/15-tengu-cup-2012\/","title":{"rendered":"15. Tengu Cup 2012"},"content":{"rendered":"<p><span style=\"color: #000000;\">Zum 15. mal hat am 16. Juni 2012 Katana Frankfurt den Tengu-Cup ausgerichtet. Jedes Jahr zieht dieses Turnier Kendoka aus der ganzen Welt an. <\/span><br style=\"color: #000000;\" \/><span style=\"color: #000000;\">Der Katana Vorstand m\u00f6chte sich hiermit bei allen Teilnehmern, Schiedrichtern und den vielen Helfern f\u00fcr ein erfolgreiches und sch\u00f6nes Turnier bedanken. Au\u00dferdem w\u00fcnscht Katana allen Dan- und Kyu-Pr\u00fcflingen, die am Sonntag ihre Pr\u00fcfungen bestanden haben, einen herzlichen Gl\u00fcckwunsch.<\/span><\/p>\n<p>Bilder zum Tengu Cup 2012 findet Ihr <a href=\"https:\/\/www.katana-ffm.de\/?page_id=150&amp;wppa-album=7&amp;wppa-cover=0&amp;wppa-occur=1http:\/\/\">&gt;HIER&lt;<\/a><\/p>\n<h1 style=\"color: #dc0000;\">Ergebnisse<img decoding=\"async\" loading=\"lazy\" src=\"https:\/\/www.katana-ffm.de\/CMS\/images\/content\/15tengucup.jpg\" alt=\"\" width=\"701\" height=\"800\" \/><\/h1>\n","protected":false},"excerpt":{"rendered":"<p>Zum 15. mal hat am 16. Juni 2012 Katana Frankfurt den Tengu-Cup ausgerichtet. Jedes Jahr zieht dieses Turnier Kendoka aus der ganzen Welt an. Der Katana Vorstand m\u00f6chte sich hiermit bei allen Teilnehmern, Schiedrichtern und den vielen Helfern f\u00fcr ein erfolgreiches und sch\u00f6nes Turnier bedanken. Au\u00dferdem w\u00fcnscht Katana allen Dan- und Kyu-Pr\u00fcflingen, die am Sonntag <a class=\"read-more\" href=\"https:\/\/www.katana-ffm.de\/en\/15-tengu-cup-2012\/\">Read More<\/a><\/p>\n","protected":false},"author":28,"featured_media":0,"parent":0,"menu_order":0,"comment_status":"closed","ping_status":"closed","template":"","meta":{"ngg_post_thumbnail":0,"footnotes":""},"translation":{"provider":"WPGlobus","version":"2.12.2","language":"en","enabled_languages":["de","en"],"languages":{"de":{"title":true,"content":true,"excerpt":false},"en":{"title":false,"content":false,"excerpt":false}}},"_links":{"self":[{"href":"https:\/\/www.katana-ffm.de\/en\/wp-json\/wp\/v2\/pages\/2460"}],"collection":[{"href":"https:\/\/www.katana-ffm.de\/en\/wp-json\/wp\/v2\/pages"}],"about":[{"href":"https:\/\/www.katana-ffm.de\/en\/wp-json\/wp\/v2\/types\/page"}],"author":[{"embeddable":true,"href":"https:\/\/www.katana-ffm.de\/en\/wp-json\/wp\/v2\/users\/28"}],"replies":[{"embeddable":true,"href":"https:\/\/www.katana-ffm.de\/en\/wp-json\/wp\/v2\/comments?post=2460"}],"version-history":[{"count":1,"href":"https:\/\/www.katana-ffm.de\/en\/wp-json\/wp\/v2\/pages\/2460\/revisions"}],"predecessor-version":[{"id":2461,"href":"https:\/\/www.katana-ffm.de\/en\/wp-json\/wp\/v2\/pages\/2460\/revisions\/2461"}],"wp:attachment":[{"href":"https:\/\/www.katana-ffm.de\/en\/wp-json\/wp\/v2\/media?parent=2460"}],"curies":[{"name":"wp","href":"https:\/\/api.w.org\/{rel}","templated":true}]}}