{"id":2960,"date":"2017-06-13T09:37:54","date_gmt":"2017-06-13T07:37:54","guid":{"rendered":"http:\/\/www.katana-ffm.de\/?page_id=2960"},"modified":"2017-06-18T11:54:27","modified_gmt":"2017-06-18T09:54:27","slug":"20-tengu-cup-10-06-11-06","status":"publish","type":"page","link":"https:\/\/www.katana-ffm.de\/en\/20-tengu-cup-10-06-11-06\/","title":{"rendered":"20. Tengu Cup (10.06-11.06)"},"content":{"rendered":"<p>Zum 20. mal hat am 10. Juni 2017 Katana Frankfurt den Tengu-Cup ausgerichtet. Jedes Jahr zieht dieses Turnier Kendoka aus der ganzen Welt an.<br \/>\nDer Katana Vorstand m\u00f6chte sich hiermit bei allen Teilnehmern, Schiedrichtern und den vielen Helfern f\u00fcr ein erfolgreiches und sch\u00f6nes Turnier bedanken. Au\u00dferdem w\u00fcnscht Katana allen Dan- und Kyu-Pr\u00fcflingen, die am Sonntag ihre Pr\u00fcfungen bestanden haben, einen herzlichen Gl\u00fcckwunsch.<\/p>\n<p>Bilder zum Tengu Cup 2017 findet Ihr <a href=\"https:\/\/www.katana-ffm.de\/galerie\/?wppa-occur=1&amp;wppa-cover=0&amp;wppa-album=66\">&gt;HIER&lt;<\/a><\/p>\n<p><img decoding=\"async\" loading=\"lazy\" class=\"aligncenter size-full wp-image-2970\" src=\"https:\/\/www.katana-ffm.de\/wp-content\/uploads\/2017\/06\/Tengu-Cup-2017-results.png\" alt=\"\" width=\"1152\" height=\"2115\" srcset=\"https:\/\/www.katana-ffm.de\/wp-content\/uploads\/2017\/06\/Tengu-Cup-2017-results.png 1152w, https:\/\/www.katana-ffm.de\/wp-content\/uploads\/2017\/06\/Tengu-Cup-2017-results-163x300.png 163w, https:\/\/www.katana-ffm.de\/wp-content\/uploads\/2017\/06\/Tengu-Cup-2017-results-768x1410.png 768w, https:\/\/www.katana-ffm.de\/wp-content\/uploads\/2017\/06\/Tengu-Cup-2017-results-600x1102.png 600w\" sizes=\"(max-width: 1152px) 100vw, 1152px\" \/><\/p>\n","protected":false},"excerpt":{"rendered":"<p>Zum 20. mal hat am 10. Juni 2017 Katana Frankfurt den Tengu-Cup ausgerichtet. Jedes Jahr zieht dieses Turnier Kendoka aus der ganzen Welt an. Der Katana Vorstand m\u00f6chte sich hiermit bei allen Teilnehmern, Schiedrichtern und den vielen Helfern f\u00fcr ein erfolgreiches und sch\u00f6nes Turnier bedanken. Au\u00dferdem w\u00fcnscht Katana allen Dan- und Kyu-Pr\u00fcflingen, die am Sonntag <a class=\"read-more\" href=\"https:\/\/www.katana-ffm.de\/en\/20-tengu-cup-10-06-11-06\/\">Read More<\/a><\/p>\n","protected":false},"author":28,"featured_media":0,"parent":0,"menu_order":0,"comment_status":"closed","ping_status":"closed","template":"","meta":{"ngg_post_thumbnail":0,"footnotes":""},"translation":{"provider":"WPGlobus","version":"2.12.2","language":"en","enabled_languages":["de","en"],"languages":{"de":{"title":true,"content":true,"excerpt":false},"en":{"title":false,"content":false,"excerpt":false}}},"_links":{"self":[{"href":"https:\/\/www.katana-ffm.de\/en\/wp-json\/wp\/v2\/pages\/2960"}],"collection":[{"href":"https:\/\/www.katana-ffm.de\/en\/wp-json\/wp\/v2\/pages"}],"about":[{"href":"https:\/\/www.katana-ffm.de\/en\/wp-json\/wp\/v2\/types\/page"}],"author":[{"embeddable":true,"href":"https:\/\/www.katana-ffm.de\/en\/wp-json\/wp\/v2\/users\/28"}],"replies":[{"embeddable":true,"href":"https:\/\/www.katana-ffm.de\/en\/wp-json\/wp\/v2\/comments?post=2960"}],"version-history":[{"count":3,"href":"https:\/\/www.katana-ffm.de\/en\/wp-json\/wp\/v2\/pages\/2960\/revisions"}],"predecessor-version":[{"id":2990,"href":"https:\/\/www.katana-ffm.de\/en\/wp-json\/wp\/v2\/pages\/2960\/revisions\/2990"}],"wp:attachment":[{"href":"https:\/\/www.katana-ffm.de\/en\/wp-json\/wp\/v2\/media?parent=2960"}],"curies":[{"name":"wp","href":"https:\/\/api.w.org\/{rel}","templated":true}]}}