{"id":3115,"date":"2017-10-31T18:30:37","date_gmt":"2017-10-31T17:30:37","guid":{"rendered":"http:\/\/www.katana-ffm.de\/?page_id=3115"},"modified":"2024-04-12T20:51:56","modified_gmt":"2024-04-12T18:51:56","slug":"datenschutz","status":"publish","type":"page","link":"https:\/\/www.katana-ffm.de\/en\/datenschutz\/","title":{"rendered":"Datenschutzerkl\u00e4rung"},"content":{"rendered":"<p>Verantwortlich im Sinne der Datenschutzgesetzes:<\/p>\n<p>Katana Frankfurt Kendo e.V.<br \/>\n1. Dojo f\u00fcr Kendo in Frankfurt am Main<br \/>\nN\u00f6rdlinger Weg 12<br \/>\n65931 Frankfurt am Main<\/p>\n<p><strong>Erfassung von Daten<\/strong><\/p>\n<p>Durch den Besuch der Webseite des Anbieters k\u00f6nnen Informationen \u00fcber den Zugriff (Datum, Uhrzeit, betrachtete Seite) gespeichert werden. Diese Daten geh\u00f6ren nicht zu den personenbezogenen Daten, sondern sind anonymisiert. Sie werden ausschlie\u00dflich zu statistischen Zwecken ausgewertet. Eine Weitergabe an Dritte, zu kommerziellen oder nichtkommerziellen Zwecken, findet nicht statt.<\/p>\n<p>Der Anbieter weist ausdr\u00fccklich darauf hin, dass die Daten\u00fcbertragung im Internet (z.B. bei der Kommunikation per E-Mail) Sicherheitsl\u00fccken aufweisen und nicht l\u00fcckenlos vor dem Zugriff durch Dritte gesch\u00fctzt werden kann<\/p>\n<p>Die Verwendung der Kontaktdaten des Impressums zur gewerblichen Werbung ist ausdr\u00fccklich nicht erw\u00fcnscht, es sei denn der Anbieter hatte zuvor seine schriftliche Einwilligung erteilt oder es besteht bereits eine Gesch\u00e4ftsbeziehung. Der Anbieter und alle auf dieser Website genannten Personen widersprechen hiermit jeder kommerziellen Verwendung und Weitergabe ihrer Daten.<\/p>\n<p><strong>Personenbezogene Daten<\/strong><\/p>\n<p>Sie k\u00f6nnen unsere Webseite ohne Angabe personenbezogener Daten besuchen. Soweit auf unseren Seiten personenbezogene Daten (wie Name, Anschrift oder E-Mail-Adresse) erhoben werden, erfolgt dies, soweit m\u00f6glich, auf freiwilliger Basis. Diese Daten werden ohne Ihre ausdr\u00fcckliche Zustimmung nicht an Dritte weitergegeben. Sofern zwischen Ihnen und uns ein Vertragsverh\u00e4ltnis begr\u00fcndet, inhaltlich ausgestaltet oder ge\u00e4ndert werden soll oder Sie an uns eine Anfrage stellen, erheben und verwenden wir personenbezogene Daten von Ihnen, soweit dies zu diesen Zwecken erforderlich ist (Bestandsdaten). Wir erheben, verarbeiten und nutzen personenbezogene Daten soweit dies erforderlich ist, um Ihnen die Inanspruchnahme des Webangebots zu erm\u00f6glichen (Nutzungsdaten). S\u00e4mtliche personenbezogenen Daten werden nur solange gespeichert, wie dies f\u00fcr den genannten Zweck (Bearbeitung Ihrer Anfrage oder Abwicklung eines Vertrags) erforderlich ist. Hierbei werden steuer- und handelsrechtliche Aufbewahrungsfristen ber\u00fccksichtigt. Auf Anordnung der zust\u00e4ndigen Stellen d\u00fcrfen wir im Einzelfall Auskunft \u00fcber diese Daten (Bestandsdaten) erteilen, soweit dies f\u00fcr Zwecke der Strafverfolgung, zur Gefahrenabwehr, zur Erf\u00fcllung der gesetzlichen Aufgaben der Verfassungsschutzbeh\u00f6rden oder des Milit\u00e4rischen Abschirmdienstes oder zur Durchsetzung der Rechte am geistigen Eigentum erforderlich ist.<\/p>\n<p><strong>Google Analytics<\/strong><\/p>\n<p>Diese Website benutzt Google Analytics, einen Webanalysedienst der Google Inc. (&#8220;Google&#8221;). Google Analytics verwendet sog. \u201eCookies&#8221;, Textdateien, die auf Ihrem Computer gespeichert werden und die eine Analyse der Benutzung der Website durch Sie erm\u00f6glichen. Die durch den Cookie erzeugten Informationen \u00fcber Ihre Benutzung dieser Website werden in der Regel an einen Server von Google in den USA \u00fcbertragen und dort gespeichert. Wir haben die IP-Anonymisierung aktiviert. Auf dieser Webseite wird Ihre IP-Adresse von Google daher innerhalb von Mitgliedstaaten der Europ\u00e4ischen Union oder in anderen Vertragsstaaten des Abkommens \u00fcber den Europ\u00e4ischen Wirtschaftsraum zuvor gek\u00fcrzt. Nur in Ausnahmef\u00e4llen wird die volle IP-Adresse an einen Server von Google in den USA \u00fcbertragen und dort gek\u00fcrzt. Im Auftrag des Betreibers dieser Website wird Google diese Informationen benutzen, um Ihre Nutzung der Website auszuwerten, um Reports \u00fcber die Websiteaktivit\u00e4ten zusammenzustellen und um weitere mit der Websitenutzung und der Internetnutzung verbundene Dienstleistungen gegen\u00fcber dem Websitebetreiber zu erbringen. Die im Rahmen von Google Analytics von Ihrem Browser \u00fcbermittelte IP-Adresse wird nicht mit anderen Daten von Google zusammengef\u00fchrt. Sie k\u00f6nnen die Speicherung der Cookies durch eine entsprechende Einstellung Ihrer Browser-Software verhindern; wir weisen Sie jedoch darauf hin, dass Sie in diesem Fall gegebenenfalls nicht s\u00e4mtliche Funktionen dieser Website vollumf\u00e4nglich werden nutzen k\u00f6nnen. Sie k\u00f6nnen dar\u00fcber hinaus die Erfassung der durch das Cookie erzeugten und auf Ihre Nutzung der Website bezogenen Daten (inkl. Ihrer IP-Adresse) an Google sowie die Verarbeitung dieser Daten durch Google verhindern, indem sie das unter dem folgenden Link verf\u00fcgbare Browser-Plugin herunterladen und installieren:<br \/>\n<a href=\"http:\/\/tools.google.com\/dlpage\/gaoptout?hl=de\">http:\/\/tools.google.com\/dlpage\/gaoptout?hl=de<\/a><\/p>\n<p><strong>Facebook&nbsp;Plugin<\/strong><\/p>\n<p>Diese Webseite nutzt Plugins des Anbieters Facebook.com, welche durch das Unternehmen Facebook Inc., 1601 S. California Avenue, Palo Alto, CA 94304 in den USA bereitgestellt werden. Nutzer unserer Webseite, auf der das Facebook-Plugin (\u201eGef\u00e4llt mir\u201c-Button) installiert ist, werden hiermit darauf hingewiesen, dass durch das Plugin eine Verbindung zu Facebook aufgebaut wird, wodurch eine \u00dcbermittlung an Ihren Browser durchgef\u00fchrt wird, damit das Plugin auf der Webseite erscheint.<br \/>\nDes Weiteren werden durch die Nutzung Daten an die Facebook-Server weitergeleitet, welche Informationen \u00fcber Ihre Webseitenbesuche auf unserer Homepage enthalten. Dies hat f\u00fcr eingeloggte Facebook-Nutzer zur Folge, dass die Nutzungsdaten Ihrem pers\u00f6nlichen Facebook-Account zugeordnet werden.<\/p>\n<p>Sobald Sie als eingeloggter Facebook-Nutzer aktiv das Facebook-Plugin nutzen (z.B. durch das Klicken auf den \u201eGef\u00e4llt mir\u201c Knopf oder die Nutzung der Kommentarfunktion), werden diese Daten zu Ihrem Facebook-Account \u00fcbertragen und ver\u00f6ffentlicht. Dies k\u00f6nnen Sie nur durch vorheriges Ausloggen aus Ihrem Facebook-Account umgehen.<\/p>\n<p>Weitere Information bez\u00fcglich der Datennutzung durch Facebook entnehmen Sie bitte den datenschutzrechtlichen Bestimmungen auf Facebook unter:<br \/>\n<a href=\"http:\/\/de-de.facebook.com\/policy.php\">http:\/\/de-de.facebook.com\/policy.php<\/a><\/p>\n<p><strong>Cookies<\/strong><\/p>\n<p>Unsere Webseite verwendet \u201eCookies\u201c. Cookies sind Textdateien, die vom Server einer Webseite auf Ihren Rechner \u00fcbertragen werden. Bestimmte Daten wie IP-Adresse, Browser, Betriebssystem und Internet Verbindung werden dabei \u00fcbertragen.<\/p>\n<p>Cookies starten keine Programme und \u00fcbertragen keine Viren. Die durch Cookies gesammelten Informationen dienen dazu, Ihnen die Navigation zu erleichtern und die Anzeige unserer Webseiten zu optimieren.<\/p>\n<p>Daten, die von uns erfasst werden, werden niemals ohne Ihre Einwilligung an Daten an Dritte weitergegeben oder mit personenbezogenen Daten verkn\u00fcpft.<\/p>\n<p>Die Verwendung von Cookies kann \u00fcber Einstellungen in ihrem Browser verhindert werden. In den Erl\u00e4uterungen zu Ihrem Internetbrowsers finden Sie Informationen dar\u00fcber, wie man diese Einstellungen ver\u00e4ndern kann. Einzelne Funktionen unserer Website k\u00f6nnen unter Umst\u00e4nden nicht richtig funktionieren, wenn die Verwendung von Cookies desaktiviert ist.<\/p>\n<p><strong>Auskunft, Berichtigung, Sperre, L\u00f6schung und Widerspruch<\/strong><\/p>\n<p>Sie k\u00f6nnen zu jedem Zeitpunkt Informationen \u00fcber Ihre bei uns gespeicherten Daten erbitten. Diese k\u00f6nnen auch berichtigt, gesperrt oder, sofern die vorgeschriebene Zeitr\u00e4ume der Datenspeicherung zur Gesch\u00e4ftsabwicklung abgelaufen sind, gel\u00f6scht werden. Unser Datenschutzmitarbeiter hilft Ihnen bei allen entsprechenden Fragen. Seine Kontaktdaten finden Sie weiter unten.<\/p>\n<p>Gesperrte Daten werden in einer speziellen Sperrdatei zu Kontrollzwecken verwahrt. Wenn die gesetzliche Archivierungsverpflichtung abgelaufen ist k\u00f6nnen Sie auch die L\u00f6schung der Daten verlangen. Innerhalb der Archivierungsverpflichtung k\u00f6nnen wir Ihre Daten auf Wunsch sperren.<\/p>\n<p>\u00c4nderungen oder Widerruf von Einwilligungen k\u00f6nnen durch eine Mitteilung an uns vorgenommen werden. Dies ist auch f\u00fcr zuk\u00fcnftige Aktionen m\u00f6glich.<\/p>\n<p><strong>\u00c4nderung der Datenschutzbestimmungen<\/strong><\/p>\n<p>Unsere Datenschutzerkl\u00e4rung k\u00f6nnen in unregelm\u00e4\u00dfigen Abst\u00e4nden angepasst werden, damit sie den aktuellen rechtlichen Anforderungen entsprechen oder um \u00c4nderungen unserer Dienstleistungen umzusetzen, z. B. bei der Einf\u00fcgung neuer Angebote. F\u00fcr Ihren n\u00e4chsten Besuch gilt dann automatisch die neue Datenschutzerkl\u00e4rung.<\/p>\n","protected":false},"excerpt":{"rendered":"<p>Verantwortlich im Sinne der Datenschutzgesetzes: Katana Frankfurt Kendo e.V. 1. Dojo f\u00fcr Kendo in Frankfurt am Main N\u00f6rdlinger Weg 12 65931 Frankfurt am Main Erfassung von Daten Durch den Besuch der Webseite des Anbieters k\u00f6nnen Informationen \u00fcber den Zugriff (Datum, Uhrzeit, betrachtete Seite) gespeichert werden. Diese Daten geh\u00f6ren nicht zu den personenbezogenen Daten, sondern sind <a class=\"read-more\" href=\"https:\/\/www.katana-ffm.de\/en\/datenschutz\/\">Read More<\/a><\/p>\n","protected":false},"author":28,"featured_media":0,"parent":0,"menu_order":0,"comment_status":"closed","ping_status":"closed","template":"","meta":{"ngg_post_thumbnail":0,"footnotes":""},"translation":{"provider":"WPGlobus","version":"2.12.2","language":"en","enabled_languages":["de","en"],"languages":{"de":{"title":true,"content":true,"excerpt":false},"en":{"title":false,"content":false,"excerpt":false}}},"_links":{"self":[{"href":"https:\/\/www.katana-ffm.de\/en\/wp-json\/wp\/v2\/pages\/3115"}],"collection":[{"href":"https:\/\/www.katana-ffm.de\/en\/wp-json\/wp\/v2\/pages"}],"about":[{"href":"https:\/\/www.katana-ffm.de\/en\/wp-json\/wp\/v2\/types\/page"}],"author":[{"embeddable":true,"href":"https:\/\/www.katana-ffm.de\/en\/wp-json\/wp\/v2\/users\/28"}],"replies":[{"embeddable":true,"href":"https:\/\/www.katana-ffm.de\/en\/wp-json\/wp\/v2\/comments?post=3115"}],"version-history":[{"count":9,"href":"https:\/\/www.katana-ffm.de\/en\/wp-json\/wp\/v2\/pages\/3115\/revisions"}],"predecessor-version":[{"id":10152,"href":"https:\/\/www.katana-ffm.de\/en\/wp-json\/wp\/v2\/pages\/3115\/revisions\/10152"}],"wp:attachment":[{"href":"https:\/\/www.katana-ffm.de\/en\/wp-json\/wp\/v2\/media?parent=3115"}],"curies":[{"name":"wp","href":"https:\/\/api.w.org\/{rel}","templated":true}]}}