{"id":3380,"date":"2018-06-30T10:05:24","date_gmt":"2018-06-30T08:05:24","guid":{"rendered":"https:\/\/www.katana-ffm.de\/?page_id=3380"},"modified":"2018-06-30T10:23:55","modified_gmt":"2018-06-30T08:23:55","slug":"21th-tengu-cup-23-06-24-06-2","status":"publish","type":"page","link":"https:\/\/www.katana-ffm.de\/en\/21th-tengu-cup-23-06-24-06-2\/","title":{"rendered":"21th Tengu Cup (23.06-24.06)"},"content":{"rendered":"<p>Zum 21. mal hat am 23. Juni 2018 Katana Frankfurt den Tengu-Cup ausgerichtet. Jedes Jahr zieht dieses Turnier Kendoka aus der ganzen Welt an.<br \/>\nDer Katana Vorstand m\u00f6chte sich hiermit bei allen Teilnehmern, Schiedrichtern und den vielen Helfern f\u00fcr ein erfolgreiches und sch\u00f6nes Turnier bedanken. Au\u00dferdem w\u00fcnscht Katana allen Dan- und Kyu-Pr\u00fcflingen, die am Sonntag ihre Pr\u00fcfungen bestanden haben, einen herzlichen Gl\u00fcckwunsch.<\/p>\n<p>Bilder zum Tengu Cup 2018 findet Ihr <a href=\"https:\/\/www.katana-ffm.de\/galerie\/?wppa-occur=1&amp;wppa-cover=0&amp;wppa-album=82\">&gt;HIER&lt;<\/a><\/p>\n<p><img decoding=\"async\" loading=\"lazy\" class=\"aligncenter size-full wp-image-3382\" src=\"https:\/\/www.katana-ffm.de\/wp-content\/uploads\/2018\/06\/results2018.png\" alt=\"\" width=\"1152\" height=\"2117\" srcset=\"https:\/\/www.katana-ffm.de\/wp-content\/uploads\/2018\/06\/results2018.png 1152w, https:\/\/www.katana-ffm.de\/wp-content\/uploads\/2018\/06\/results2018-163x300.png 163w, https:\/\/www.katana-ffm.de\/wp-content\/uploads\/2018\/06\/results2018-768x1411.png 768w, https:\/\/www.katana-ffm.de\/wp-content\/uploads\/2018\/06\/results2018-600x1103.png 600w\" sizes=\"(max-width: 1152px) 100vw, 1152px\" \/><\/p>\n","protected":false},"excerpt":{"rendered":"<p>Zum 21. mal hat am 23. Juni 2018 Katana Frankfurt den Tengu-Cup ausgerichtet. Jedes Jahr zieht dieses Turnier Kendoka aus der ganzen Welt an. Der Katana Vorstand m\u00f6chte sich hiermit bei allen Teilnehmern, Schiedrichtern und den vielen Helfern f\u00fcr ein erfolgreiches und sch\u00f6nes Turnier bedanken. Au\u00dferdem w\u00fcnscht Katana allen Dan- und Kyu-Pr\u00fcflingen, die am Sonntag <a class=\"read-more\" href=\"https:\/\/www.katana-ffm.de\/en\/21th-tengu-cup-23-06-24-06-2\/\">Read More<\/a><\/p>\n","protected":false},"author":28,"featured_media":0,"parent":0,"menu_order":0,"comment_status":"closed","ping_status":"closed","template":"","meta":{"ngg_post_thumbnail":0,"footnotes":""},"translation":{"provider":"WPGlobus","version":"2.12.2","language":"en","enabled_languages":["de","en"],"languages":{"de":{"title":true,"content":true,"excerpt":false},"en":{"title":false,"content":false,"excerpt":false}}},"_links":{"self":[{"href":"https:\/\/www.katana-ffm.de\/en\/wp-json\/wp\/v2\/pages\/3380"}],"collection":[{"href":"https:\/\/www.katana-ffm.de\/en\/wp-json\/wp\/v2\/pages"}],"about":[{"href":"https:\/\/www.katana-ffm.de\/en\/wp-json\/wp\/v2\/types\/page"}],"author":[{"embeddable":true,"href":"https:\/\/www.katana-ffm.de\/en\/wp-json\/wp\/v2\/users\/28"}],"replies":[{"embeddable":true,"href":"https:\/\/www.katana-ffm.de\/en\/wp-json\/wp\/v2\/comments?post=3380"}],"version-history":[{"count":3,"href":"https:\/\/www.katana-ffm.de\/en\/wp-json\/wp\/v2\/pages\/3380\/revisions"}],"predecessor-version":[{"id":3390,"href":"https:\/\/www.katana-ffm.de\/en\/wp-json\/wp\/v2\/pages\/3380\/revisions\/3390"}],"wp:attachment":[{"href":"https:\/\/www.katana-ffm.de\/en\/wp-json\/wp\/v2\/media?parent=3380"}],"curies":[{"name":"wp","href":"https:\/\/api.w.org\/{rel}","templated":true}]}}