{"id":4084,"date":"2019-06-30T13:14:19","date_gmt":"2019-06-30T11:14:19","guid":{"rendered":"https:\/\/www.katana-ffm.de\/?page_id=4084"},"modified":"2019-06-30T18:03:18","modified_gmt":"2019-06-30T16:03:18","slug":"22-tengu-cup-22-06-23-06","status":"publish","type":"page","link":"https:\/\/www.katana-ffm.de\/en\/22-tengu-cup-22-06-23-06\/","title":{"rendered":"22. Tengu Cup (22.06-23.06)"},"content":{"rendered":"<p>Zum 22. mal hat am 22. Juni 2019 Katana Frankfurt den Tengu-Cup ausgerichtet. Jedes Jahr zieht dieses Turnier Kendoka aus der ganzen Welt an.<br \/>\nDer Katana Vorstand m\u00f6chte sich hiermit bei allen Teilnehmern, Kampfrichtern und den vielen Helfern f\u00fcr ein erfolgreiches und sch\u00f6nes Turnier bedanken. Au\u00dferdem w\u00fcnscht Katana allen Dan- und Kyu-Pr\u00fcflingen, die am Sonntag ihre Pr\u00fcfungen bestanden haben, einen herzlichen Gl\u00fcckwunsch.<\/p>\n<p>Bilder zum Tengu Cup 2019 findet Ihr <a href=\"https:\/\/www.katana-ffm.de\/galerie\/?wppa-occur=1&amp;wppa-cover=0&amp;wppa-album=90\">&gt;HIER&lt;<\/a><\/p>\n<p><img decoding=\"async\" loading=\"lazy\" class=\"aligncenter size-full wp-image-4093\" src=\"https:\/\/www.katana-ffm.de\/wp-content\/uploads\/2019\/06\/tesults2019.png\" alt=\"\" width=\"1057\" height=\"2128\" srcset=\"https:\/\/www.katana-ffm.de\/wp-content\/uploads\/2019\/06\/tesults2019.png 1057w, https:\/\/www.katana-ffm.de\/wp-content\/uploads\/2019\/06\/tesults2019-149x300.png 149w, https:\/\/www.katana-ffm.de\/wp-content\/uploads\/2019\/06\/tesults2019-768x1546.png 768w\" sizes=\"(max-width: 1057px) 100vw, 1057px\" \/><\/p>\n","protected":false},"excerpt":{"rendered":"<p>Zum 22. mal hat am 22. Juni 2019 Katana Frankfurt den Tengu-Cup ausgerichtet. Jedes Jahr zieht dieses Turnier Kendoka aus der ganzen Welt an. Der Katana Vorstand m\u00f6chte sich hiermit bei allen Teilnehmern, Kampfrichtern und den vielen Helfern f\u00fcr ein erfolgreiches und sch\u00f6nes Turnier bedanken. Au\u00dferdem w\u00fcnscht Katana allen Dan- und Kyu-Pr\u00fcflingen, die am Sonntag <a class=\"read-more\" href=\"https:\/\/www.katana-ffm.de\/en\/22-tengu-cup-22-06-23-06\/\">Read More<\/a><\/p>\n","protected":false},"author":28,"featured_media":0,"parent":0,"menu_order":0,"comment_status":"closed","ping_status":"closed","template":"","meta":{"ngg_post_thumbnail":0,"footnotes":""},"translation":{"provider":"WPGlobus","version":"2.12.2","language":"en","enabled_languages":["de","en"],"languages":{"de":{"title":true,"content":true,"excerpt":false},"en":{"title":false,"content":false,"excerpt":false}}},"_links":{"self":[{"href":"https:\/\/www.katana-ffm.de\/en\/wp-json\/wp\/v2\/pages\/4084"}],"collection":[{"href":"https:\/\/www.katana-ffm.de\/en\/wp-json\/wp\/v2\/pages"}],"about":[{"href":"https:\/\/www.katana-ffm.de\/en\/wp-json\/wp\/v2\/types\/page"}],"author":[{"embeddable":true,"href":"https:\/\/www.katana-ffm.de\/en\/wp-json\/wp\/v2\/users\/28"}],"replies":[{"embeddable":true,"href":"https:\/\/www.katana-ffm.de\/en\/wp-json\/wp\/v2\/comments?post=4084"}],"version-history":[{"count":4,"href":"https:\/\/www.katana-ffm.de\/en\/wp-json\/wp\/v2\/pages\/4084\/revisions"}],"predecessor-version":[{"id":4098,"href":"https:\/\/www.katana-ffm.de\/en\/wp-json\/wp\/v2\/pages\/4084\/revisions\/4098"}],"wp:attachment":[{"href":"https:\/\/www.katana-ffm.de\/en\/wp-json\/wp\/v2\/media?parent=4084"}],"curies":[{"name":"wp","href":"https:\/\/api.w.org\/{rel}","templated":true}]}}