{"id":509,"date":"2014-08-26T11:14:28","date_gmt":"2014-08-26T11:14:28","guid":{"rendered":"http:\/\/www.katana-ffm.de\/CMS2\/?page_id=509"},"modified":"2015-05-08T13:36:47","modified_gmt":"2015-05-08T11:36:47","slug":"kendo","status":"publish","type":"page","link":"https:\/\/www.katana-ffm.de\/en\/kendo\/","title":{"rendered":"Kendo"},"content":{"rendered":"<p style=\"text-align: justify;\">Das Wort Kendo ist japanischen Ursprungs <img decoding=\"async\" class=\"alignright\" src=\"https:\/\/www.katana-ffm.de\/CMS\/images\/content\/Musashi.jpg\" alt=\"\" \/>und bedeutet Weg des Schwertes.<\/p>\n<p>Weg hie\u00df\u00a0urspr\u00fcnglich einfach Lebensweg. Dem Weg des Schwertes zu folgen, bedeutete damals, sein t\u00e4glich Brot durch die Handhabung des Schwertes zu erwerben, also der Kriegerkaste anzugeh\u00f6ren. Allein deren Mitgliedern war das Tragen eines Schwertes gestattet. Eine sp\u00e4tere buddhistische Durchdringung des Weges als Weg zur Erleuchtung oder Weg zur eigenen Vervollkommnung f\u00fchrte nicht zu einem Widerspruch. Der urspr\u00fcngliche Begriff wurde vielmehr im st\u00e4ndigen, reflektierenden Umgang mit dem Tod erweitert. Miyamoto Musashi (1564-1645, im Bild mit zwei Bokken), der gem\u00e4\u00df der \u00dcberlieferung durch die Praxis der Schwertkunst zur Erleuchtung gelangte, betont immer wieder, wie wichtig die unabl\u00e4ssige \u00dcbung bis zur Vervollkommnung ist.<\/p>\n<p>Schwert ist gleichbedeutend mit Katana, der leicht gekr\u00fcmmten, nur auf der konvexen Seite scharfen japanischen Klinge, die als bisher nicht wieder erreichter H\u00f6hepunkt der Schmiedekunst gilt. Das Katana war extrem scharf: um einen Gegner von oben bis unten zu zerteilen, war kaum K\u00f6rperkraft zum Schneiden n\u00f6tig, sondern lediglich die saubere F\u00fchrung der Klinge und das Halten der Schnittlinie.<\/p>\n<h2><span style=\"color: #ff0000;\">Geschichte<\/span><\/h2>\n<p>Das heutige Kendo wurde in der Mitte des 18. Jahrhunderts entwickelt. Es entstand die Kendo-R\u00fcstung, bestehend aus Men (Helm), Kote (Handschuhe), Do (Brustpanzer) und Tare (H\u00fcftschutz), sowie dem Fechtschwert aus Bambus, dem Shinai. Das praktische Training sowie das Wettkampf-Training bestand nun nicht mehr im alleinigen Erlernen der Kata-Formen, sondern wurde zus\u00e4tzlich sportlichen Regeln unterstellt. Die R\u00fcstung sch\u00fctzt die erlaubten Trefferfl\u00e4chen. Kendo, obwohl ein Vollkontaktkampf, ist eine der Sportarten mit dem geringsten Verletzungsrisiko. 1911 f\u00fchrte man Kendo erstmals als offiziellen Schulsport f\u00fcr alle Gymnasien ein und legte damit den Grundstein f\u00fcr das moderne Kendo.<\/p>\n<p>1912 erarbeitete der japanische Budo-Bund eine Vereinheitlichung der bis dahin g\u00fcltigen Kata-Formen und reduzierte deren Vielzahl auf die noch heute \u00fcblichen 10 Grundformen, die Nihon-Kendo-Kata. Nach und nach wurde Kendo so modernisiert, da\u00df es als Nationalsport allgemein so verbreitet war, dass es im 2. Weltkrieg auch f\u00fcr milit\u00e4rische Zwecke eingesetzt wurde &#8211; darum wurde es nach dem Krieg von den Alliierten verboten. Mit dem Friedensvertrag im Jahre 1951 und der damit verbundenen Wiedergewinnung der Unabh\u00e4ngigkeit fiel dieses Verbot weg. Im Oktober 1952 rief man den neuen japanischen Kendo-Bund ins Leben. Vom Staat wurde Kendo zun\u00e4chst jedoch sehr zur\u00fcckhaltend gef\u00f6rdert und war erst Anfang der sechziger Jahre wieder Budo-Pflichtfach an den Schulen.<\/p>\n<p>Neben den aufgezeichneten Lehrinhalten einer Schule entwickelte sich die Tradition der kuden oder m\u00fcndlichen \u00dcberlieferung, die die tieferen Lehren eine Schule beinhaltete und nur m\u00fcndlich vom Lehrer an den Sch\u00fcler weitergegeben wurde. Diese Tradition ist bei einigen Schulen bis zur heutigen Tage ungebrochen.<\/p>\n<p>Ab dem 17. Jahrhundert war Kendo ein wesentlicher Bestandteil der Ausbildung der Samurai, der japanischen Ritter. Zu jener Zeit verschmolz Kendo mit dem Begriff des Bushido (Weg des Kriegers), einem wichtigen Bestandteil der japanischen Geistesgeschichte, und beanspruchte neben der reinen Technik auch die Ausbildung einer geistigen Kraft. Die Verschmelzung des Kendo mit der Lehre des Buddhismus, aber auch mit der des Konfuzianismus fand darin seinen H\u00f6hepunkt. Das bedeutete f\u00fcr die Erziehung des Samurai, jetzt auch Ziele wie Menschenliebe, Gerechtigkeit, H\u00f6flichkeit, Klugheit und Loyalit\u00e4t anzustreben.<\/p>\n<h2><span style=\"color: #ff0000;\">Modernes Kendo<\/span><\/h2>\n<p>Im Jahre 1911 f\u00fchrte man Kendo erstmals als offiziellen Schulsport f\u00fcr alle Gymnasien ein und legte damit den Grundstein f\u00fcr das moderne Kendo. 1912 erarbeitete der japanische Budo-Bund eine Vereinheitlichung der bis dahin g\u00fcltigen Kata-Formen und reduzierte deren Vielzahl auf die noch heute \u00fcblichen 10 Grundformen, die Nihon-Kendo-Kata. Nach und nach wurde Kendo so modernisiert, da\u00df es als Nationalsport allgemeine Verbreitung finden konnte. Kendo wurde in den Dienst des Militarismus gestellt, der schlie\u00dflich im 2. Weltkrieg gipfelte, und als Konsequenz nach dem Krieg von den Alliierten verboten. Mit dem Friedensvertrag im Jahre 1951 und der damit verbundenen Wiedergewinnung der Unabh\u00e4ngigkeit fiel dieses Verbot weg.<\/p>\n<p>Auch Kinder und Frauen begannen nun, Kendo zu erlernen. Dar\u00fcber hinaus wurde Kendo auch au\u00dferhalb Japans immer popul\u00e4rer und von hunderttausenden Aktiven in zahlreichen L\u00e4ndern praktiziert. Diese Internationalisierung fand u.a. ihren Ausdruck in den Weltmeisterschaften, die alle drei Jahre von der FIK<span style=\"color: #ff0000;\"> (<\/span><a href=\"http:\/\/www.kendo-fik.org\/english-page\/english-top-page.html\">International Kendo Federation<\/a><span style=\"color: #ff0000;\">)<\/span> organisiert werden. Kendo, eine nicht geschlechts- oder altersgebundene Kampfsportart, ist heute nicht nur in Japan, sondern auch in anderen L\u00e4ndern weit verbreitet.<\/p>\n<p>Auch in der Bundesrepublik setzt sich der Kendo-Sport allm\u00e4hlich durch; F\u00e4hige K\u00e4mpfer konnten sich durch ihre Leistungen bei deutschen sowie Europa- und Weltmeisterschaften behaupten. So sehr es auch sportlichen bzw. modernen Charakter angenommen hat, ist es wichtig, Kendo in seiner entwicklungsspezifischen Eigenart zu verstehen und dieses Verst\u00e4ndnis dann in den Kampf einzubringen &#8211; auch die dem japanischen Rittergeist so vertrauten psychologischen Moment wie Direktheit, Willenseinheit, spontane Entscheidungs- und Vollzugsf\u00e4higkeit sind Inhalte, die f\u00fcr unser heutiges Leben von gleichbedeutender Aktualit\u00e4t sind und uns vom modernen Kendo vermittelt werden k\u00f6nnen.<\/p>\n","protected":false},"excerpt":{"rendered":"<p>Das Wort Kendo ist japanischen Ursprungs und bedeutet Weg des Schwertes. Weg hie\u00df\u00a0urspr\u00fcnglich einfach Lebensweg. Dem Weg des Schwertes zu folgen, bedeutete damals, sein t\u00e4glich Brot durch die Handhabung des Schwertes zu erwerben, also der Kriegerkaste anzugeh\u00f6ren. Allein deren Mitgliedern war das Tragen eines Schwertes gestattet. Eine sp\u00e4tere buddhistische Durchdringung des Weges als Weg zur <a class=\"read-more\" href=\"https:\/\/www.katana-ffm.de\/en\/kendo\/\">Read More<\/a><\/p>\n","protected":false},"author":28,"featured_media":0,"parent":0,"menu_order":4,"comment_status":"closed","ping_status":"closed","template":"weiterleitung.php","meta":{"ngg_post_thumbnail":0,"footnotes":""},"translation":{"provider":"WPGlobus","version":"2.12.2","language":"en","enabled_languages":["de","en"],"languages":{"de":{"title":true,"content":true,"excerpt":false},"en":{"title":false,"content":false,"excerpt":false}}},"_links":{"self":[{"href":"https:\/\/www.katana-ffm.de\/en\/wp-json\/wp\/v2\/pages\/509"}],"collection":[{"href":"https:\/\/www.katana-ffm.de\/en\/wp-json\/wp\/v2\/pages"}],"about":[{"href":"https:\/\/www.katana-ffm.de\/en\/wp-json\/wp\/v2\/types\/page"}],"author":[{"embeddable":true,"href":"https:\/\/www.katana-ffm.de\/en\/wp-json\/wp\/v2\/users\/28"}],"replies":[{"embeddable":true,"href":"https:\/\/www.katana-ffm.de\/en\/wp-json\/wp\/v2\/comments?post=509"}],"version-history":[{"count":6,"href":"https:\/\/www.katana-ffm.de\/en\/wp-json\/wp\/v2\/pages\/509\/revisions"}],"predecessor-version":[{"id":895,"href":"https:\/\/www.katana-ffm.de\/en\/wp-json\/wp\/v2\/pages\/509\/revisions\/895"}],"wp:attachment":[{"href":"https:\/\/www.katana-ffm.de\/en\/wp-json\/wp\/v2\/media?parent=509"}],"curies":[{"name":"wp","href":"https:\/\/api.w.org\/{rel}","templated":true}]}}