{"id":546,"date":"2014-09-02T14:12:30","date_gmt":"2014-09-02T14:12:30","guid":{"rendered":"http:\/\/www.katana-ffm.de\/CMS2\/?page_id=546"},"modified":"2025-10-18T15:38:40","modified_gmt":"2025-10-18T13:38:40","slug":"training","status":"publish","type":"page","link":"https:\/\/www.katana-ffm.de\/en\/training\/","title":{"rendered":"Training"},"content":{"rendered":"<p><img decoding=\"async\" loading=\"lazy\" class=\"alignright\" src=\"https:\/\/www.katana-ffm.de\/CMS\/images\/content\/immo\/images\/training01.jpg\" alt=\"\" width=\"300\" height=\"225\"><\/p>\n<p>A constant training is very important with Kendo.<\/p>\n<p>Katana offers different training units based on the level and age per week.<\/p>\n<p><u>Address gym:<\/u><\/p>\n<p><strong>Tuesday<\/strong><br \/>\nPaul-Ehrlich-Schule<br \/>\nBr\u00fcningstra\u00dfe 2<br \/>\n65929 Frankfurt am Main<\/p>\n<p><strong>Thursday<\/strong><br \/>\nAdolf-Reichwein Schule<br \/>\nLenzenbergstra\u00dfe 70<br \/>\n65931 Frankfurt am Main<\/p>\n<hr>\n<h2 style=\"color: #dc0000;\">Training times<\/h2>\n<table style=\"color: #000000;\" border=\"0\" width=\"100%\" cellspacing=\"2\" cellpadding=\"2\">\n<tbody>\n<tr>\n<td><strong>Day<\/strong><\/td>\n<td><strong>Time<\/strong><\/td>\n<td><strong>Group<\/strong><\/td>\n<\/tr>\n<tr>\n<td colspan=\"3\">Opening hours of the sports hall are Tuesday and Thursday at 17:45.<\/td>\n<\/tr>\n<tr>\n<td colspan=\"3\"><u><b>Paul-Ehrlich-Schule<\/b><\/u><\/td>\n<\/tr>\n<tr>\n<td>Tuesday<\/td>\n<td>18:00 \u2013 19:30<\/td>\n<td>Children and Teenager<\/td>\n<\/tr>\n<tr>\n<td>&nbsp;<\/td>\n<td>19:30 \u2013 20:00<\/td>\n<td>Kihon- und Nihon Kendo Katatraining (for everyone)<\/td>\n<\/tr>\n<tr>\n<td>&nbsp;<\/td>\n<td>20:00 \u2013 21:30<\/td>\n<td>B\u014dgu training (adults)<\/td>\n<\/tr>\n<tr>\n<td colspan=\"3\"><u><b>Adolf-Reichwein Schule<\/b><\/u><\/td>\n<\/tr>\n<tr>\n<td>Thursday<\/td>\n<td>18:00 \u2013 19:30<\/td>\n<td>Children and Teenager<\/td>\n<\/tr>\n<tr>\n<td>&nbsp;<\/td>\n<td>20:00 \u2013 21:30 Uhr<\/td>\n<td>B\u014dgu training (adults)<br \/>\nBeginner training (adults)<\/td>\n<\/tr>\n<\/tbody>\n<\/table>\n<p style=\"color: #000000;\">&nbsp;<\/p>\n<hr style=\"color: #a9a9a9;\">\n<p>Further training times can be found on the homepage Kendo Hesse: <a style=\"color: #dc0000;\" href=\"https:\/\/www.hkenv.de\/\" target=\"_blank\" rel=\"noopener\">www.hkenv.de<\/a><\/p>\n","protected":false},"excerpt":{"rendered":"<p>A constant training is very important with Kendo. Katana offers different training units based on the level and age per week. Address gym: Tuesday Paul-Ehrlich-Schule Br\u00fcningstra\u00dfe 2 65929 Frankfurt am Main Thursday Adolf-Reichwein Schule Lenzenbergstra\u00dfe 70 65931 Frankfurt am Main Training times Day Time Group Opening hours of the sports hall are Tuesday and Thursday <a class=\"read-more\" href=\"https:\/\/www.katana-ffm.de\/en\/training\/\">Read More<\/a><\/p>\n","protected":false},"author":28,"featured_media":0,"parent":0,"menu_order":0,"comment_status":"closed","ping_status":"closed","template":"","meta":{"ngg_post_thumbnail":0,"footnotes":""},"translation":{"provider":"WPGlobus","version":"2.12.2","language":"en","enabled_languages":["de","en"],"languages":{"de":{"title":true,"content":true,"excerpt":false},"en":{"title":true,"content":true,"excerpt":false}}},"_links":{"self":[{"href":"https:\/\/www.katana-ffm.de\/en\/wp-json\/wp\/v2\/pages\/546"}],"collection":[{"href":"https:\/\/www.katana-ffm.de\/en\/wp-json\/wp\/v2\/pages"}],"about":[{"href":"https:\/\/www.katana-ffm.de\/en\/wp-json\/wp\/v2\/types\/page"}],"author":[{"embeddable":true,"href":"https:\/\/www.katana-ffm.de\/en\/wp-json\/wp\/v2\/users\/28"}],"replies":[{"embeddable":true,"href":"https:\/\/www.katana-ffm.de\/en\/wp-json\/wp\/v2\/comments?post=546"}],"version-history":[{"count":56,"href":"https:\/\/www.katana-ffm.de\/en\/wp-json\/wp\/v2\/pages\/546\/revisions"}],"predecessor-version":[{"id":11342,"href":"https:\/\/www.katana-ffm.de\/en\/wp-json\/wp\/v2\/pages\/546\/revisions\/11342"}],"wp:attachment":[{"href":"https:\/\/www.katana-ffm.de\/en\/wp-json\/wp\/v2\/media?parent=546"}],"curies":[{"name":"wp","href":"https:\/\/api.w.org\/{rel}","templated":true}]}}