{"id":5808,"date":"2020-10-19T19:28:26","date_gmt":"2020-10-19T17:28:26","guid":{"rendered":"https:\/\/www.katana-ffm.de\/?page_id=5808"},"modified":"2020-10-21T20:23:45","modified_gmt":"2020-10-21T18:23:45","slug":"event-test","status":"publish","type":"page","link":"https:\/\/www.katana-ffm.de\/en\/event-test\/","title":{"rendered":"Event Test"},"content":{"rendered":"\n<pre class=\"wp-block-code\"><code>\n\n\t<ul  class=\"eo-events eo-events-shortcode\" > \n\n\t\t\n\t\t\t\n\t\t\t<li class=\"eo-event-cat-lehrgang eo-event-future\" >\n\t\t\t\t<a href=\"https:\/\/www.katana-ffm.de\/en\/events\/event\/dan-vorbereitungslehrgang-april\/\">DAN-Vorbereitungslehrgang APRIL<\/a> on 24. April 2026 19:00\t\t\t<\/li>\n\n\t\t\n\t\t\t\n\t\t\t<li class=\"eo-event-cat-katana eo-event-cat-training eo-event-cat-training-ersatzhalle eo-event-future\" >\n\t\t\t\t<a href=\"https:\/\/www.katana-ffm.de\/en\/events\/event\/freitag-zusatz-training-fuer-ruestungstraeger-ab-16-jahre\/\">Freitag Zusatz-Training f\u00fcr R\u00fcstungstr\u00e4ger \/ ab 16 Jahre<\/a> on 24. April 2026 19:00\t\t\t<\/li>\n\n\t\t\n\t\t\t\n\t\t\t<li class=\"eo-event-cat-turnier eo-event-future eo-multi-day eo-all-day\" >\n\t\t\t\t<a href=\"https:\/\/www.katana-ffm.de\/en\/events\/event\/kojika-international-spring-tournament-2026\/\">Kojika International Spring Tournament 2026<\/a> on 2. May 2026\t\t\t<\/li>\n\n\t\t\n\t\t\t\n\t\t\t<li class=\"eo-event-venue-mali-sporthalle eo-event-cat-turnier eo-event-future eo-multi-day eo-all-day\" >\n\t\t\t\t<a href=\"https:\/\/www.katana-ffm.de\/en\/events\/event\/deutsche-jugendmeisterschaft-2026\/\">Deutsche Jugendmeisterschaft 2026 in Biberach an der Ri\u00df<\/a> on 16. May 2026\t\t\t<\/li>\n\n\t\t\n\t\t\t\n\t\t\t<li class=\"eo-event-cat-lehrgang eo-event-future\" >\n\t\t\t\t<a href=\"https:\/\/www.katana-ffm.de\/en\/events\/event\/dan-vorbereitungslehrgang-mai\/\">DAN-Vorbereitungslehrgang MAI<\/a> on 20. May 2026 19:00\t\t\t<\/li>\n\n\t\t\n\t\t\t\n\t\t\t<li class=\"eo-event-cat-ars eo-event-cat-katana eo-event-cat-lehrgang eo-event-cat-training eo-event-future\" >\n\t\t\t\t<a href=\"https:\/\/www.katana-ffm.de\/en\/events\/event\/kurseinheit-shinai-zusammenbauen\/\">Kurseinheit &#8211; Shinai zusammenbauen<\/a> on 28. May 2026 19:30\t\t\t<\/li>\n\n\t\t\n\t\t\t\n\t\t\t<li class=\"eo-event-cat-lehrgang eo-event-future\" >\n\t\t\t\t<a href=\"https:\/\/www.katana-ffm.de\/en\/events\/event\/kata-workshop\/\">Kata Workshop<\/a> on 29. May 2026 19:00\t\t\t<\/li>\n\n\t\t\n\t\t\t\n\t\t\t<li class=\"eo-event-cat-katana eo-event-cat-turnier eo-event-future eo-multi-day eo-all-day\" >\n\t\t\t\t<a href=\"https:\/\/www.katana-ffm.de\/en\/events\/event\/28-tengu-cup-2026\/\">28. Tengu Cup 2026<\/a> on 6. June 2026\t\t\t<\/li>\n\n\t\t\n\t\t\t\n\t\t\t<li class=\"eo-event-cat-turnier eo-event-future eo-multi-day eo-all-day\" >\n\t\t\t\t<a href=\"https:\/\/www.katana-ffm.de\/en\/events\/event\/34-european-kendo-championship-2026\/\">34. European Kendo Championship 2026<\/a> on 19. June 2026\t\t\t<\/li>\n\n\t\t\n\t\t\t\n\t\t\t<li class=\"eo-event-venue-sport-und-freizeitzentrum-kalbach eo-event-cat-katana eo-event-future\" >\n\t\t\t\t<a href=\"https:\/\/www.katana-ffm.de\/en\/events\/event\/katana-sommerfest-2026\/\">Katana Sommerfest 2026<\/a> on 20. June 2026 10:30\t\t\t<\/li>\n\n\t\t\n\t\t\t\n\t\t\t<li class=\"eo-event-cat-katana eo-event-cat-kein-training eo-event-future eo-multi-day eo-all-day\" >\n\t\t\t\t<a href=\"https:\/\/www.katana-ffm.de\/en\/events\/event\/sommerferien-2026-kein-vereinstraining\/\">SOMMERFERIEN 2026 &#8211; KEIN VEREINSTRAINING<\/a> on 30. June 2026\t\t\t<\/li>\n\n\t\t\n\t\t\t\n\t\t\t<li class=\"eo-event-cat-training eo-event-cat-training-ersatzhalle eo-event-cat-turnier eo-event-future\" >\n\t\t\t\t<a href=\"https:\/\/www.katana-ffm.de\/en\/events\/event\/freundschafts-shiai-katana-vs-ken-iku\/\">Freundschafts-Shiai KATANA VS KEN-IKU<\/a> on 28. August 2026 19:00\t\t\t<\/li>\n\n\t\t\n\t\t\t\n\t\t\t<li class=\"eo-event-cat-ars eo-event-cat-katana eo-event-cat-training eo-event-future\" >\n\t\t\t\t<a href=\"https:\/\/www.katana-ffm.de\/en\/events\/event\/probetraining-kinder-7\/\">Children Trial Training<\/a> on 22. October 2026 18:00\t\t\t<\/li>\n\n\t\t\n\t\t\t\n\t\t\t<li class=\"eo-event-cat-ars eo-event-cat-katana eo-event-cat-training eo-event-future\" >\n\t\t\t\t<a href=\"https:\/\/www.katana-ffm.de\/en\/events\/event\/probetraining-fuer-erwachsene-5\/\">Adult Trial Training<\/a> on 22. October 2026 20:00\t\t\t<\/li>\n\n\t\t\n\t\t\t\n\t\t\t<li class=\"eo-event-cat-ars eo-event-cat-katana eo-event-cat-training eo-event-future\" >\n\t\t\t\t<a href=\"https:\/\/www.katana-ffm.de\/en\/events\/event\/probetraining-kinder-7\/\">Children Trial Training<\/a> on 29. October 2026 18:00\t\t\t<\/li>\n\n\t\t\n\t\t\t\n\t\t\t<li class=\"eo-event-cat-ars eo-event-cat-katana eo-event-cat-training eo-event-future\" >\n\t\t\t\t<a href=\"https:\/\/www.katana-ffm.de\/en\/events\/event\/probetraining-fuer-erwachsene-5\/\">Adult Trial Training<\/a> on 29. October 2026 20:00\t\t\t<\/li>\n\n\t\t\n\t\t\t\n\t\t\t<li class=\"eo-event-cat-ars eo-event-cat-katana eo-event-cat-training eo-event-future\" >\n\t\t\t\t<a href=\"https:\/\/www.katana-ffm.de\/en\/events\/event\/probetraining-kinder-7\/\">Children Trial Training<\/a> on 5. November 2026 18:00\t\t\t<\/li>\n\n\t\t\n\t\t\t\n\t\t\t<li class=\"eo-event-cat-ars eo-event-cat-katana eo-event-cat-training eo-event-future\" >\n\t\t\t\t<a href=\"https:\/\/www.katana-ffm.de\/en\/events\/event\/probetraining-fuer-erwachsene-5\/\">Adult Trial Training<\/a> on 5. November 2026 20:00\t\t\t<\/li>\n\n\t\t\n\t<\/ul>\n\n<\/code><\/pre>\n","protected":false},"excerpt":{"rendered":"","protected":false},"author":28,"featured_media":0,"parent":0,"menu_order":0,"comment_status":"closed","ping_status":"closed","template":"","meta":{"ngg_post_thumbnail":0,"footnotes":""},"translation":{"provider":"WPGlobus","version":"2.12.2","language":"en","enabled_languages":["de","en"],"languages":{"de":{"title":true,"content":true,"excerpt":false},"en":{"title":false,"content":false,"excerpt":false}}},"_links":{"self":[{"href":"https:\/\/www.katana-ffm.de\/en\/wp-json\/wp\/v2\/pages\/5808"}],"collection":[{"href":"https:\/\/www.katana-ffm.de\/en\/wp-json\/wp\/v2\/pages"}],"about":[{"href":"https:\/\/www.katana-ffm.de\/en\/wp-json\/wp\/v2\/types\/page"}],"author":[{"embeddable":true,"href":"https:\/\/www.katana-ffm.de\/en\/wp-json\/wp\/v2\/users\/28"}],"replies":[{"embeddable":true,"href":"https:\/\/www.katana-ffm.de\/en\/wp-json\/wp\/v2\/comments?post=5808"}],"version-history":[{"count":4,"href":"https:\/\/www.katana-ffm.de\/en\/wp-json\/wp\/v2\/pages\/5808\/revisions"}],"predecessor-version":[{"id":6012,"href":"https:\/\/www.katana-ffm.de\/en\/wp-json\/wp\/v2\/pages\/5808\/revisions\/6012"}],"wp:attachment":[{"href":"https:\/\/www.katana-ffm.de\/en\/wp-json\/wp\/v2\/media?parent=5808"}],"curies":[{"name":"wp","href":"https:\/\/api.w.org\/{rel}","templated":true}]}}