{"id":591,"date":"2014-09-25T09:32:01","date_gmt":"2014-09-25T09:32:01","guid":{"rendered":"http:\/\/www.katana-ffm.de\/CMS2\/?page_id=591"},"modified":"2016-08-05T08:24:53","modified_gmt":"2016-08-05T06:24:53","slug":"11-tengu-cup-2008","status":"publish","type":"page","link":"https:\/\/www.katana-ffm.de\/en\/tengu-cup\/11-tengu-cup-2008\/","title":{"rendered":"11. Tengu Cup 2008"},"content":{"rendered":"<p>Zum 11. mal hat am 18.\u00a0Juni 2008 Katana Frankfurt den Tengu-Cup\u00a0ausgerichtet.\u00a0Jedes Jahr zieht dieses Turnier Kendoka aus der ganzen Welt an.<\/p>\n<p>Der Katana Vorstand m\u00f6chte sich hiermit bei allen Teilnehmern,\u00a0Schiedrichtern und den vielen Helfern\u00a0f\u00fcr ein erfolgreiches und sch\u00f6nes Turnier bedanken. Au\u00dferdem w\u00fcnscht Katana allen Dan- und Kyu-Pr\u00fcflingen, die am Sonntag ihre Pr\u00fcfungen bestanden haben, einen herzlichen Gl\u00fcckwunsch.<\/p>\n<hr style=\"color: #a9a9a9;\" \/>\n<h1 style=\"color: #dc0000;\">Ergebnisse<\/h1>\n<p><img decoding=\"async\" loading=\"lazy\" src=\"https:\/\/www.katana-ffm.de\/CMS\/images\/content\/temgu2011.jpg\" alt=\"\" width=\"602\" height=\"657\" \/><\/p>\n<p>&nbsp;<\/p>\n","protected":false},"excerpt":{"rendered":"<p>Zum 11. mal hat am 18.\u00a0Juni 2008 Katana Frankfurt den Tengu-Cup\u00a0ausgerichtet.\u00a0Jedes Jahr zieht dieses Turnier Kendoka aus der ganzen Welt an. Der Katana Vorstand m\u00f6chte sich hiermit bei allen Teilnehmern,\u00a0Schiedrichtern und den vielen Helfern\u00a0f\u00fcr ein erfolgreiches und sch\u00f6nes Turnier bedanken. Au\u00dferdem w\u00fcnscht Katana allen Dan- und Kyu-Pr\u00fcflingen, die am Sonntag ihre Pr\u00fcfungen bestanden haben, einen <a class=\"read-more\" href=\"https:\/\/www.katana-ffm.de\/en\/tengu-cup\/11-tengu-cup-2008\/\">Read More<\/a><\/p>\n","protected":false},"author":28,"featured_media":0,"parent":511,"menu_order":0,"comment_status":"closed","ping_status":"closed","template":"","meta":{"ngg_post_thumbnail":0,"footnotes":""},"translation":{"provider":"WPGlobus","version":"2.12.2","language":"en","enabled_languages":["de","en"],"languages":{"de":{"title":true,"content":true,"excerpt":false},"en":{"title":false,"content":false,"excerpt":false}}},"_links":{"self":[{"href":"https:\/\/www.katana-ffm.de\/en\/wp-json\/wp\/v2\/pages\/591"}],"collection":[{"href":"https:\/\/www.katana-ffm.de\/en\/wp-json\/wp\/v2\/pages"}],"about":[{"href":"https:\/\/www.katana-ffm.de\/en\/wp-json\/wp\/v2\/types\/page"}],"author":[{"embeddable":true,"href":"https:\/\/www.katana-ffm.de\/en\/wp-json\/wp\/v2\/users\/28"}],"replies":[{"embeddable":true,"href":"https:\/\/www.katana-ffm.de\/en\/wp-json\/wp\/v2\/comments?post=591"}],"version-history":[{"count":1,"href":"https:\/\/www.katana-ffm.de\/en\/wp-json\/wp\/v2\/pages\/591\/revisions"}],"predecessor-version":[{"id":592,"href":"https:\/\/www.katana-ffm.de\/en\/wp-json\/wp\/v2\/pages\/591\/revisions\/592"}],"up":[{"embeddable":true,"href":"https:\/\/www.katana-ffm.de\/en\/wp-json\/wp\/v2\/pages\/511"}],"wp:attachment":[{"href":"https:\/\/www.katana-ffm.de\/en\/wp-json\/wp\/v2\/media?parent=591"}],"curies":[{"name":"wp","href":"https:\/\/api.w.org\/{rel}","templated":true}]}}