{"id":600,"date":"2014-09-25T09:36:25","date_gmt":"2014-09-25T09:36:25","guid":{"rendered":"http:\/\/www.katana-ffm.de\/CMS2\/?page_id=600"},"modified":"2016-08-05T08:27:27","modified_gmt":"2016-08-05T06:27:27","slug":"13-tengu-cup-2010","status":"publish","type":"page","link":"https:\/\/www.katana-ffm.de\/en\/tengu-cup\/13-tengu-cup-2010\/","title":{"rendered":"13. Tengu Cup 2010"},"content":{"rendered":"<p><span style=\"color: #000000;\">Zum 13. mal hat am 19.\u00a0Juni 2010 Katana Frankfurt den Tengu-Cup\u00a0ausgerichtet.\u00a0Jedes Jahr zieht dieses Turnier Kendoka aus der ganzen Welt an.\u00a0<\/span><br style=\"color: #000000;\" \/><span style=\"color: #000000;\">Der Katana Vorstand m\u00f6chte sich hiermit bei allen Teilnehmern,\u00a0Schiedrichtern und den vielen Helfern\u00a0f\u00fcr ein erfolgreiches und sch\u00f6nes Turnier bedanken. Au\u00dferdem w\u00fcnscht Katana allen Dan- und Kyu-Pr\u00fcflingen, die am Sonntag ihre Pr\u00fcfungen bestanden haben, einen herzlichen Gl\u00fcckwunsch.<\/span><\/p>\n<p>Bilder zum Tengu Cup 2010 findet Ihr <a href=\"https:\/\/www.katana-ffm.de\/?page_id=150&amp;wppa-album=4&amp;wppa-cover=0&amp;wppa-occur=1http:\/\/\">&gt;HIER&lt;<\/a><\/p>\n<hr style=\"color: #a9a9a9;\" \/>\n<h1 style=\"color: #dc0000;\">Ergebnisse<\/h1>\n<p><img decoding=\"async\" loading=\"lazy\" style=\"color: #000000;\" src=\"https:\/\/www.katana-ffm.de\/CMS\/images\/content\/13_tengu_cup\/13TenguCup.jpg\" alt=\"\" width=\"701\" height=\"800\" \/><\/p>\n","protected":false},"excerpt":{"rendered":"<p>Zum 13. mal hat am 19.\u00a0Juni 2010 Katana Frankfurt den Tengu-Cup\u00a0ausgerichtet.\u00a0Jedes Jahr zieht dieses Turnier Kendoka aus der ganzen Welt an.\u00a0Der Katana Vorstand m\u00f6chte sich hiermit bei allen Teilnehmern,\u00a0Schiedrichtern und den vielen Helfern\u00a0f\u00fcr ein erfolgreiches und sch\u00f6nes Turnier bedanken. Au\u00dferdem w\u00fcnscht Katana allen Dan- und Kyu-Pr\u00fcflingen, die am Sonntag ihre Pr\u00fcfungen bestanden haben, einen herzlichen <a class=\"read-more\" href=\"https:\/\/www.katana-ffm.de\/en\/tengu-cup\/13-tengu-cup-2010\/\">Read More<\/a><\/p>\n","protected":false},"author":28,"featured_media":0,"parent":511,"menu_order":0,"comment_status":"closed","ping_status":"closed","template":"","meta":{"ngg_post_thumbnail":0,"footnotes":""},"translation":{"provider":"WPGlobus","version":"2.12.2","language":"en","enabled_languages":["de","en"],"languages":{"de":{"title":true,"content":true,"excerpt":false},"en":{"title":false,"content":false,"excerpt":false}}},"_links":{"self":[{"href":"https:\/\/www.katana-ffm.de\/en\/wp-json\/wp\/v2\/pages\/600"}],"collection":[{"href":"https:\/\/www.katana-ffm.de\/en\/wp-json\/wp\/v2\/pages"}],"about":[{"href":"https:\/\/www.katana-ffm.de\/en\/wp-json\/wp\/v2\/types\/page"}],"author":[{"embeddable":true,"href":"https:\/\/www.katana-ffm.de\/en\/wp-json\/wp\/v2\/users\/28"}],"replies":[{"embeddable":true,"href":"https:\/\/www.katana-ffm.de\/en\/wp-json\/wp\/v2\/comments?post=600"}],"version-history":[{"count":3,"href":"https:\/\/www.katana-ffm.de\/en\/wp-json\/wp\/v2\/pages\/600\/revisions"}],"predecessor-version":[{"id":897,"href":"https:\/\/www.katana-ffm.de\/en\/wp-json\/wp\/v2\/pages\/600\/revisions\/897"}],"up":[{"embeddable":true,"href":"https:\/\/www.katana-ffm.de\/en\/wp-json\/wp\/v2\/pages\/511"}],"wp:attachment":[{"href":"https:\/\/www.katana-ffm.de\/en\/wp-json\/wp\/v2\/media?parent=600"}],"curies":[{"name":"wp","href":"https:\/\/api.w.org\/{rel}","templated":true}]}}