{"id":602,"date":"2014-09-25T09:37:21","date_gmt":"2014-09-25T09:37:21","guid":{"rendered":"http:\/\/www.katana-ffm.de\/CMS2\/?page_id=602"},"modified":"2016-08-05T08:28:04","modified_gmt":"2016-08-05T06:28:04","slug":"14-tengu-cup-2011","status":"publish","type":"page","link":"https:\/\/www.katana-ffm.de\/en\/tengu-cup\/14-tengu-cup-2011\/","title":{"rendered":"14. Tengu-Cup 2011"},"content":{"rendered":"<p><span style=\"color: #000000;\">Zum 14. mal hat am 18.\u00a0Juni 2011 Katana Frankfurt den Tengu-Cup\u00a0ausgerichtet.\u00a0Jedes Jahr zieht dieses Turnier Kendoka aus der ganzen Welt an.\u00a0<\/span><br style=\"color: #000000;\" \/><span style=\"color: #000000;\">Der Katana Vorstand m\u00f6chte sich hiermit bei allen Teilnehmern,\u00a0Schiedrichtern und den vielen Helfern\u00a0f\u00fcr ein erfolgreiches und sch\u00f6nes Turnier bedanken. Au\u00dferdem w\u00fcnscht Katana allen Dan- und Kyu-Pr\u00fcflingen, die am Sonntag ihre Pr\u00fcfungen bestanden haben, einen herzlichen Gl\u00fcckwunsch.<\/span><\/p>\n<p>Bilder zum Tengu Cup 2011 findet Ihr <a href=\"https:\/\/www.katana-ffm.de\/?page_id=150&amp;wppa-album=5&amp;wppa-cover=0&amp;wppa-occur=1http:\/\/\">&gt;HIER&lt;<\/a><\/p>\n<hr style=\"color: #a9a9a9;\" \/>\n<h1 style=\"color: #dc0000;\">Ergebnisse<\/h1>\n<p><img decoding=\"async\" loading=\"lazy\" style=\"color: #000000;\" src=\"https:\/\/www.katana-ffm.de\/CMS\/images\/content\/14tengucup.jpg\" alt=\"\" width=\"701\" height=\"800\" \/><\/p>\n","protected":false},"excerpt":{"rendered":"<p>Zum 14. mal hat am 18.\u00a0Juni 2011 Katana Frankfurt den Tengu-Cup\u00a0ausgerichtet.\u00a0Jedes Jahr zieht dieses Turnier Kendoka aus der ganzen Welt an.\u00a0Der Katana Vorstand m\u00f6chte sich hiermit bei allen Teilnehmern,\u00a0Schiedrichtern und den vielen Helfern\u00a0f\u00fcr ein erfolgreiches und sch\u00f6nes Turnier bedanken. Au\u00dferdem w\u00fcnscht Katana allen Dan- und Kyu-Pr\u00fcflingen, die am Sonntag ihre Pr\u00fcfungen bestanden haben, einen herzlichen <a class=\"read-more\" href=\"https:\/\/www.katana-ffm.de\/en\/tengu-cup\/14-tengu-cup-2011\/\">Read More<\/a><\/p>\n","protected":false},"author":28,"featured_media":0,"parent":511,"menu_order":0,"comment_status":"closed","ping_status":"closed","template":"","meta":{"ngg_post_thumbnail":0,"footnotes":""},"translation":{"provider":"WPGlobus","version":"2.12.2","language":"en","enabled_languages":["de","en"],"languages":{"de":{"title":true,"content":true,"excerpt":false},"en":{"title":false,"content":false,"excerpt":false}}},"_links":{"self":[{"href":"https:\/\/www.katana-ffm.de\/en\/wp-json\/wp\/v2\/pages\/602"}],"collection":[{"href":"https:\/\/www.katana-ffm.de\/en\/wp-json\/wp\/v2\/pages"}],"about":[{"href":"https:\/\/www.katana-ffm.de\/en\/wp-json\/wp\/v2\/types\/page"}],"author":[{"embeddable":true,"href":"https:\/\/www.katana-ffm.de\/en\/wp-json\/wp\/v2\/users\/28"}],"replies":[{"embeddable":true,"href":"https:\/\/www.katana-ffm.de\/en\/wp-json\/wp\/v2\/comments?post=602"}],"version-history":[{"count":3,"href":"https:\/\/www.katana-ffm.de\/en\/wp-json\/wp\/v2\/pages\/602\/revisions"}],"predecessor-version":[{"id":904,"href":"https:\/\/www.katana-ffm.de\/en\/wp-json\/wp\/v2\/pages\/602\/revisions\/904"}],"up":[{"embeddable":true,"href":"https:\/\/www.katana-ffm.de\/en\/wp-json\/wp\/v2\/pages\/511"}],"wp:attachment":[{"href":"https:\/\/www.katana-ffm.de\/en\/wp-json\/wp\/v2\/media?parent=602"}],"curies":[{"name":"wp","href":"https:\/\/api.w.org\/{rel}","templated":true}]}}