{"id":609,"date":"2014-09-25T09:40:13","date_gmt":"2014-09-25T09:40:13","guid":{"rendered":"http:\/\/www.katana-ffm.de\/CMS2\/?page_id=609"},"modified":"2016-08-05T08:31:00","modified_gmt":"2016-08-05T06:31:00","slug":"17-tengu-cup-2014","status":"publish","type":"page","link":"https:\/\/www.katana-ffm.de\/en\/tengu-cup\/17-tengu-cup-2014\/","title":{"rendered":"17. Tengu-Cup 2014"},"content":{"rendered":"<p>Zum 17. mal hat am 14.\u00a0Juni 2014 Katana Frankfurt den Tengu-Cup\u00a0ausgerichtet.\u00a0Jedes Jahr zieht dieses Turnier Kendoka aus der ganzen Welt an.<br \/>\nDer Katana Vorstand m\u00f6chte sich hiermit bei allen Teilnehmern,\u00a0Schiedrichtern und den vielen Helfern\u00a0f\u00fcr ein erfolgreiches und sch\u00f6nes Turnier bedanken. Au\u00dferdem w\u00fcnscht Katana allen Dan- und Kyu-Pr\u00fcflingen, die am Sonntag ihre Pr\u00fcfungen bestanden haben, einen herzlichen Gl\u00fcckwunsch.<\/p>\n<p>Bilder zum Tengu Cup 2014 findet Ihr <a href=\"https:\/\/www.katana-ffm.de\/?page_id=150&amp;wppa-album=9&amp;wppa-cover=0&amp;wppa-occur=1http:\/\/\">&gt;HIER&lt;<\/a><\/p>\n<hr \/>\n<p><span style=\"color: #000000;\"><strong><img decoding=\"async\" src=\"https:\/\/www.katana-ffm.de\/CMS\/images\/content\/dan.png\" alt=\"\" width=\"664\" \/><\/strong><\/span><\/p>\n","protected":false},"excerpt":{"rendered":"<p>Zum 17. mal hat am 14.\u00a0Juni 2014 Katana Frankfurt den Tengu-Cup\u00a0ausgerichtet.\u00a0Jedes Jahr zieht dieses Turnier Kendoka aus der ganzen Welt an. Der Katana Vorstand m\u00f6chte sich hiermit bei allen Teilnehmern,\u00a0Schiedrichtern und den vielen Helfern\u00a0f\u00fcr ein erfolgreiches und sch\u00f6nes Turnier bedanken. Au\u00dferdem w\u00fcnscht Katana allen Dan- und Kyu-Pr\u00fcflingen, die am Sonntag ihre Pr\u00fcfungen bestanden haben, einen <a class=\"read-more\" href=\"https:\/\/www.katana-ffm.de\/en\/tengu-cup\/17-tengu-cup-2014\/\">Read More<\/a><\/p>\n","protected":false},"author":28,"featured_media":0,"parent":511,"menu_order":0,"comment_status":"closed","ping_status":"closed","template":"","meta":{"ngg_post_thumbnail":0,"footnotes":""},"translation":{"provider":"WPGlobus","version":"2.12.2","language":"en","enabled_languages":["de","en"],"languages":{"de":{"title":true,"content":true,"excerpt":false},"en":{"title":false,"content":false,"excerpt":false}}},"_links":{"self":[{"href":"https:\/\/www.katana-ffm.de\/en\/wp-json\/wp\/v2\/pages\/609"}],"collection":[{"href":"https:\/\/www.katana-ffm.de\/en\/wp-json\/wp\/v2\/pages"}],"about":[{"href":"https:\/\/www.katana-ffm.de\/en\/wp-json\/wp\/v2\/types\/page"}],"author":[{"embeddable":true,"href":"https:\/\/www.katana-ffm.de\/en\/wp-json\/wp\/v2\/users\/28"}],"replies":[{"embeddable":true,"href":"https:\/\/www.katana-ffm.de\/en\/wp-json\/wp\/v2\/comments?post=609"}],"version-history":[{"count":2,"href":"https:\/\/www.katana-ffm.de\/en\/wp-json\/wp\/v2\/pages\/609\/revisions"}],"predecessor-version":[{"id":901,"href":"https:\/\/www.katana-ffm.de\/en\/wp-json\/wp\/v2\/pages\/609\/revisions\/901"}],"up":[{"embeddable":true,"href":"https:\/\/www.katana-ffm.de\/en\/wp-json\/wp\/v2\/pages\/511"}],"wp:attachment":[{"href":"https:\/\/www.katana-ffm.de\/en\/wp-json\/wp\/v2\/media?parent=609"}],"curies":[{"name":"wp","href":"https:\/\/api.w.org\/{rel}","templated":true}]}}