{"id":6376,"date":"2020-11-15T10:26:38","date_gmt":"2020-11-15T09:26:38","guid":{"rendered":"https:\/\/www.katana-ffm.de\/?page_id=6376"},"modified":"2020-11-15T10:26:40","modified_gmt":"2020-11-15T09:26:40","slug":"vereinsscheine","status":"publish","type":"page","link":"https:\/\/www.katana-ffm.de\/en\/vereinsscheine\/","title":{"rendered":"Vereinsscheine"},"content":{"rendered":"<p>Hallo Lieber Mitglieder,<\/p>\n<p>bei Rewe gibt es wieder die Aktion \u201eScheine f\u00fcr Vereine\u201c.<br \/>\nAb einem Einkaufswert von 15 \u20ac bekommt ihr einen Schein. Die Vereine k\u00f6nnen die Scheine dann f\u00fcr Gratispr\u00e4mien einl\u00f6sen.<br \/>\nWenn Ihr also sowieso zum Rewe geht, sammelt bitte flei\u00dfig mit, damit wir uns f\u00fcr die n\u00e4chste Veranstaltung z. B. ein Waffeleisen oder Sportger\u00e4t\/e holen k\u00f6nnen.<\/p>\n<p>Eurer<br \/>\nVorstand<\/p>\n","protected":false},"excerpt":{"rendered":"<p>Hallo Lieber Mitglieder, bei Rewe gibt es wieder die Aktion \u201eScheine f\u00fcr Vereine\u201c. Ab einem Einkaufswert von 15 \u20ac bekommt ihr einen Schein. Die Vereine k\u00f6nnen die Scheine dann f\u00fcr Gratispr\u00e4mien einl\u00f6sen. Wenn Ihr also sowieso zum Rewe geht, sammelt bitte flei\u00dfig mit, damit wir uns f\u00fcr die n\u00e4chste Veranstaltung z. B. ein Waffeleisen oder <a class=\"read-more\" href=\"https:\/\/www.katana-ffm.de\/en\/vereinsscheine\/\">Read More<\/a><\/p>\n","protected":false},"author":28,"featured_media":0,"parent":0,"menu_order":0,"comment_status":"closed","ping_status":"closed","template":"","meta":{"ngg_post_thumbnail":0,"footnotes":""},"translation":{"provider":"WPGlobus","version":"2.12.2","language":"en","enabled_languages":["de","en"],"languages":{"de":{"title":true,"content":true,"excerpt":false},"en":{"title":false,"content":false,"excerpt":false}}},"_links":{"self":[{"href":"https:\/\/www.katana-ffm.de\/en\/wp-json\/wp\/v2\/pages\/6376"}],"collection":[{"href":"https:\/\/www.katana-ffm.de\/en\/wp-json\/wp\/v2\/pages"}],"about":[{"href":"https:\/\/www.katana-ffm.de\/en\/wp-json\/wp\/v2\/types\/page"}],"author":[{"embeddable":true,"href":"https:\/\/www.katana-ffm.de\/en\/wp-json\/wp\/v2\/users\/28"}],"replies":[{"embeddable":true,"href":"https:\/\/www.katana-ffm.de\/en\/wp-json\/wp\/v2\/comments?post=6376"}],"version-history":[{"count":1,"href":"https:\/\/www.katana-ffm.de\/en\/wp-json\/wp\/v2\/pages\/6376\/revisions"}],"predecessor-version":[{"id":6377,"href":"https:\/\/www.katana-ffm.de\/en\/wp-json\/wp\/v2\/pages\/6376\/revisions\/6377"}],"wp:attachment":[{"href":"https:\/\/www.katana-ffm.de\/en\/wp-json\/wp\/v2\/media?parent=6376"}],"curies":[{"name":"wp","href":"https:\/\/api.w.org\/{rel}","templated":true}]}}