{"id":747,"date":"2014-12-17T16:17:08","date_gmt":"2014-12-17T15:17:08","guid":{"rendered":"http:\/\/www.katana-ffm.de\/CMS2\/?page_id=747"},"modified":"2015-07-09T14:56:44","modified_gmt":"2015-07-09T12:56:44","slug":"test","status":"publish","type":"page","link":"https:\/\/www.katana-ffm.de\/en\/tengu-cup\/test\/","title":{"rendered":"18. Tengu-Cup (20.\/21.06.15)"},"content":{"rendered":"<p>Zum 18. mal hat am 20. Juni 2015 Katana Frankfurt den Tengu-Cup ausgerichtet. Jedes Jahr zieht dieses Turnier Kendoka aus der ganzen Welt an.<br \/>\nDer Katana Vorstand m\u00f6chte sich hiermit bei allen Teilnehmern, Schiedrichtern und den vielen Helfern f\u00fcr ein erfolgreiches und sch\u00f6nes Turnier bedanken. Au\u00dferdem w\u00fcnscht Katana allen Dan- und Kyu-Pr\u00fcflingen, die am Sonntag ihre Pr\u00fcfungen bestanden haben, einen herzlichen Gl\u00fcckwunsch.<\/p>\n<p>Bilder zum Tengu Cup 2015 findet Ihr <a href=\"https:\/\/www.katana-ffm.de\/?page_id=150&amp;wppa-album=40&amp;wppa-cover=0&amp;wppa-occur=1\">&gt;HIER&lt;<\/a><\/p>\n<hr \/>\n<p><span style=\"color: #000000;\"><strong><img decoding=\"async\" src=\"https:\/\/www.katana-ffm.de\/CMS\/images\/content\/Tengu_Cup_2015_Results.jpg\" alt=\"\" width=\"664\" \/><\/strong><\/span><\/p>\n","protected":false},"excerpt":{"rendered":"<p>Zum 18. mal hat am 20. Juni 2015 Katana Frankfurt den Tengu-Cup ausgerichtet. Jedes Jahr zieht dieses Turnier Kendoka aus der ganzen Welt an. Der Katana Vorstand m\u00f6chte sich hiermit bei allen Teilnehmern, Schiedrichtern und den vielen Helfern f\u00fcr ein erfolgreiches und sch\u00f6nes Turnier bedanken. Au\u00dferdem w\u00fcnscht Katana allen Dan- und Kyu-Pr\u00fcflingen, die am Sonntag <a class=\"read-more\" href=\"https:\/\/www.katana-ffm.de\/en\/tengu-cup\/test\/\">Read More<\/a><\/p>\n","protected":false},"author":28,"featured_media":0,"parent":511,"menu_order":0,"comment_status":"closed","ping_status":"closed","template":"","meta":{"ngg_post_thumbnail":0,"footnotes":""},"translation":{"provider":"WPGlobus","version":"2.12.2","language":"en","enabled_languages":["de","en"],"languages":{"de":{"title":true,"content":true,"excerpt":false},"en":{"title":false,"content":false,"excerpt":false}}},"_links":{"self":[{"href":"https:\/\/www.katana-ffm.de\/en\/wp-json\/wp\/v2\/pages\/747"}],"collection":[{"href":"https:\/\/www.katana-ffm.de\/en\/wp-json\/wp\/v2\/pages"}],"about":[{"href":"https:\/\/www.katana-ffm.de\/en\/wp-json\/wp\/v2\/types\/page"}],"author":[{"embeddable":true,"href":"https:\/\/www.katana-ffm.de\/en\/wp-json\/wp\/v2\/users\/28"}],"replies":[{"embeddable":true,"href":"https:\/\/www.katana-ffm.de\/en\/wp-json\/wp\/v2\/comments?post=747"}],"version-history":[{"count":25,"href":"https:\/\/www.katana-ffm.de\/en\/wp-json\/wp\/v2\/pages\/747\/revisions"}],"predecessor-version":[{"id":1637,"href":"https:\/\/www.katana-ffm.de\/en\/wp-json\/wp\/v2\/pages\/747\/revisions\/1637"}],"up":[{"embeddable":true,"href":"https:\/\/www.katana-ffm.de\/en\/wp-json\/wp\/v2\/pages\/511"}],"wp:attachment":[{"href":"https:\/\/www.katana-ffm.de\/en\/wp-json\/wp\/v2\/media?parent=747"}],"curies":[{"name":"wp","href":"https:\/\/api.w.org\/{rel}","templated":true}]}}