{"id":7527,"date":"2021-07-19T20:12:50","date_gmt":"2021-07-19T18:12:50","guid":{"rendered":"https:\/\/www.katana-ffm.de\/?page_id=7527"},"modified":"2023-07-21T13:19:27","modified_gmt":"2023-07-21T11:19:27","slug":"24-tengu-cup","status":"publish","type":"page","link":"https:\/\/www.katana-ffm.de\/en\/24-tengu-cup\/","title":{"rendered":"25. Tengu Cup (24.06 -25.06)"},"content":{"rendered":"<p>Zum 25. mal hat am 24. Juni 2023 Katana Frankfurt den Tengu-Cup ausgerichtet. Jedes Jahr zieht dieses Turnier Kendoka aus der ganzen Welt an.<\/p>\n<p>Der Katana Vorstand m\u00f6chte sich hiermit bei allen Teilnehmern, Kampfrichtern und den vielen Helfern f\u00fcr ein erfolgreiches und sch\u00f6nes Turnier bedanken. Au\u00dferdem w\u00fcnscht Katana allen Dan- und Kyu-Pr\u00fcflingen, die am Sonntag ihre Pr\u00fcfungen bestanden haben, einen herzlichen Gl\u00fcckwunsch.<\/p>\n<p>Bilder zum Tengu Cup 2023 findet Ihr <a href=\"https:\/\/www.katana-ffm.de\/galerie\/nggallery\/tengu-cup\/tengu-cup-2023\">&gt;&gt;&gt;HIER&lt;&lt;&lt;<\/a><\/p>\n\n\n<figure class=\"wp-block-image size-full\"><img decoding=\"async\" loading=\"lazy\" width=\"936\" height=\"667\" src=\"https:\/\/www.katana-ffm.de\/wp-content\/uploads\/2023\/06\/t1-1.png\" alt=\"\" class=\"wp-image-9615\" srcset=\"https:\/\/www.katana-ffm.de\/wp-content\/uploads\/2023\/06\/t1-1.png 936w, https:\/\/www.katana-ffm.de\/wp-content\/uploads\/2023\/06\/t1-1-300x214.png 300w, https:\/\/www.katana-ffm.de\/wp-content\/uploads\/2023\/06\/t1-1-768x547.png 768w\" sizes=\"(max-width: 936px) 100vw, 936px\" \/><\/figure>\n\n\n\n<figure class=\"wp-block-image size-full\"><img decoding=\"async\" loading=\"lazy\" width=\"933\" height=\"820\" src=\"https:\/\/www.katana-ffm.de\/wp-content\/uploads\/2023\/06\/t2.png\" alt=\"\" class=\"wp-image-9612\" srcset=\"https:\/\/www.katana-ffm.de\/wp-content\/uploads\/2023\/06\/t2.png 933w, https:\/\/www.katana-ffm.de\/wp-content\/uploads\/2023\/06\/t2-300x264.png 300w, https:\/\/www.katana-ffm.de\/wp-content\/uploads\/2023\/06\/t2-768x675.png 768w\" sizes=\"(max-width: 933px) 100vw, 933px\" \/><\/figure>\n\n\n\n<figure class=\"wp-block-image size-full\"><img decoding=\"async\" loading=\"lazy\" width=\"923\" height=\"641\" src=\"https:\/\/www.katana-ffm.de\/wp-content\/uploads\/2023\/06\/t3.png\" alt=\"\" class=\"wp-image-9613\" srcset=\"https:\/\/www.katana-ffm.de\/wp-content\/uploads\/2023\/06\/t3.png 923w, https:\/\/www.katana-ffm.de\/wp-content\/uploads\/2023\/06\/t3-300x208.png 300w, https:\/\/www.katana-ffm.de\/wp-content\/uploads\/2023\/06\/t3-768x533.png 768w\" sizes=\"(max-width: 923px) 100vw, 923px\" \/><\/figure>\n","protected":false},"excerpt":{"rendered":"<p>Zum 25. mal hat am 24. Juni 2023 Katana Frankfurt den Tengu-Cup ausgerichtet. Jedes Jahr zieht dieses Turnier Kendoka aus der ganzen Welt an. Der Katana Vorstand m\u00f6chte sich hiermit bei allen Teilnehmern, Kampfrichtern und den vielen Helfern f\u00fcr ein erfolgreiches und sch\u00f6nes Turnier bedanken. Au\u00dferdem w\u00fcnscht Katana allen Dan- und Kyu-Pr\u00fcflingen, die am Sonntag <a class=\"read-more\" href=\"https:\/\/www.katana-ffm.de\/en\/24-tengu-cup\/\">Read More<\/a><\/p>\n","protected":false},"author":28,"featured_media":0,"parent":0,"menu_order":0,"comment_status":"closed","ping_status":"closed","template":"","meta":{"ngg_post_thumbnail":0,"footnotes":""},"translation":{"provider":"WPGlobus","version":"2.12.2","language":"en","enabled_languages":["de","en"],"languages":{"de":{"title":true,"content":true,"excerpt":false},"en":{"title":false,"content":false,"excerpt":false}}},"_links":{"self":[{"href":"https:\/\/www.katana-ffm.de\/en\/wp-json\/wp\/v2\/pages\/7527"}],"collection":[{"href":"https:\/\/www.katana-ffm.de\/en\/wp-json\/wp\/v2\/pages"}],"about":[{"href":"https:\/\/www.katana-ffm.de\/en\/wp-json\/wp\/v2\/types\/page"}],"author":[{"embeddable":true,"href":"https:\/\/www.katana-ffm.de\/en\/wp-json\/wp\/v2\/users\/28"}],"replies":[{"embeddable":true,"href":"https:\/\/www.katana-ffm.de\/en\/wp-json\/wp\/v2\/comments?post=7527"}],"version-history":[{"count":9,"href":"https:\/\/www.katana-ffm.de\/en\/wp-json\/wp\/v2\/pages\/7527\/revisions"}],"predecessor-version":[{"id":10261,"href":"https:\/\/www.katana-ffm.de\/en\/wp-json\/wp\/v2\/pages\/7527\/revisions\/10261"}],"wp:attachment":[{"href":"https:\/\/www.katana-ffm.de\/en\/wp-json\/wp\/v2\/media?parent=7527"}],"curies":[{"name":"wp","href":"https:\/\/api.w.org\/{rel}","templated":true}]}}