{"id":9131,"date":"2022-06-29T19:35:16","date_gmt":"2022-06-29T17:35:16","guid":{"rendered":"https:\/\/www.katana-ffm.de\/?page_id=9131"},"modified":"2022-07-20T19:58:51","modified_gmt":"2022-07-20T17:58:51","slug":"24-tengu-cup-25-06-26-06","status":"publish","type":"page","link":"https:\/\/www.katana-ffm.de\/en\/24-tengu-cup-25-06-26-06\/","title":{"rendered":"24. Tengu Cup (25.06-26.06)"},"content":{"rendered":"<p>Zum 24. mal hat am 25. Juni 2022 Katana Frankfurt den Tengu-Cup ausgerichtet. Jedes Jahr zieht dieses Turnier Kendoka aus der ganzen Welt an.<br \/>\nDer Katana Vorstand m\u00f6chte sich hiermit bei allen Teilnehmern, Kampfrichtern und den vielen Helfern f\u00fcr ein erfolgreiches und sch\u00f6nes Turnier bedanken. Au\u00dferdem w\u00fcnscht Katana allen Dan- und Kyu-Pr\u00fcflingen, die am Sonntag ihre Pr\u00fcfungen bestanden haben, einen herzlichen Gl\u00fcckwunsch.<\/p>\n<p>Bilder zum Tengu Cup 2022 findet Ihr <a href=\"https:\/\/www.katana-ffm.de\/galerie\/nggallery\/tengu-cup\/tengu-cup-2022-5\">&gt;&gt;HIER&lt;&lt;<\/a><\/p>\n<p><img decoding=\"async\" loading=\"lazy\" class=\"aligncenter size-full wp-image-9134\" src=\"https:\/\/www.katana-ffm.de\/wp-content\/uploads\/2022\/06\/2022-TC-Results1.png\" alt=\"\" width=\"907\" height=\"840\" srcset=\"https:\/\/www.katana-ffm.de\/wp-content\/uploads\/2022\/06\/2022-TC-Results1.png 907w, https:\/\/www.katana-ffm.de\/wp-content\/uploads\/2022\/06\/2022-TC-Results1-300x278.png 300w, https:\/\/www.katana-ffm.de\/wp-content\/uploads\/2022\/06\/2022-TC-Results1-768x711.png 768w\" sizes=\"(max-width: 907px) 100vw, 907px\" \/><\/p>\n<p><img decoding=\"async\" loading=\"lazy\" class=\"aligncenter size-full wp-image-9135\" src=\"https:\/\/www.katana-ffm.de\/wp-content\/uploads\/2022\/06\/2022-TC-Results2.png\" alt=\"\" width=\"902\" height=\"787\" srcset=\"https:\/\/www.katana-ffm.de\/wp-content\/uploads\/2022\/06\/2022-TC-Results2.png 902w, https:\/\/www.katana-ffm.de\/wp-content\/uploads\/2022\/06\/2022-TC-Results2-300x262.png 300w, https:\/\/www.katana-ffm.de\/wp-content\/uploads\/2022\/06\/2022-TC-Results2-768x670.png 768w\" sizes=\"(max-width: 902px) 100vw, 902px\" \/><\/p>\n<p><img decoding=\"async\" loading=\"lazy\" class=\"aligncenter size-full wp-image-9136\" src=\"https:\/\/www.katana-ffm.de\/wp-content\/uploads\/2022\/06\/2022-TC-Results3.png\" alt=\"\" width=\"904\" height=\"212\" srcset=\"https:\/\/www.katana-ffm.de\/wp-content\/uploads\/2022\/06\/2022-TC-Results3.png 904w, https:\/\/www.katana-ffm.de\/wp-content\/uploads\/2022\/06\/2022-TC-Results3-300x70.png 300w, https:\/\/www.katana-ffm.de\/wp-content\/uploads\/2022\/06\/2022-TC-Results3-768x180.png 768w\" sizes=\"(max-width: 904px) 100vw, 904px\" \/><\/p>\n<p>&nbsp;<\/p>\n","protected":false},"excerpt":{"rendered":"<p>Zum 24. mal hat am 25. Juni 2022 Katana Frankfurt den Tengu-Cup ausgerichtet. Jedes Jahr zieht dieses Turnier Kendoka aus der ganzen Welt an. Der Katana Vorstand m\u00f6chte sich hiermit bei allen Teilnehmern, Kampfrichtern und den vielen Helfern f\u00fcr ein erfolgreiches und sch\u00f6nes Turnier bedanken. Au\u00dferdem w\u00fcnscht Katana allen Dan- und Kyu-Pr\u00fcflingen, die am Sonntag <a class=\"read-more\" href=\"https:\/\/www.katana-ffm.de\/en\/24-tengu-cup-25-06-26-06\/\">Read More<\/a><\/p>\n","protected":false},"author":28,"featured_media":0,"parent":0,"menu_order":0,"comment_status":"closed","ping_status":"closed","template":"","meta":{"ngg_post_thumbnail":0,"footnotes":""},"translation":{"provider":"WPGlobus","version":"2.12.2","language":"en","enabled_languages":["de","en"],"languages":{"de":{"title":true,"content":true,"excerpt":false},"en":{"title":false,"content":false,"excerpt":false}}},"_links":{"self":[{"href":"https:\/\/www.katana-ffm.de\/en\/wp-json\/wp\/v2\/pages\/9131"}],"collection":[{"href":"https:\/\/www.katana-ffm.de\/en\/wp-json\/wp\/v2\/pages"}],"about":[{"href":"https:\/\/www.katana-ffm.de\/en\/wp-json\/wp\/v2\/types\/page"}],"author":[{"embeddable":true,"href":"https:\/\/www.katana-ffm.de\/en\/wp-json\/wp\/v2\/users\/28"}],"replies":[{"embeddable":true,"href":"https:\/\/www.katana-ffm.de\/en\/wp-json\/wp\/v2\/comments?post=9131"}],"version-history":[{"count":4,"href":"https:\/\/www.katana-ffm.de\/en\/wp-json\/wp\/v2\/pages\/9131\/revisions"}],"predecessor-version":[{"id":9266,"href":"https:\/\/www.katana-ffm.de\/en\/wp-json\/wp\/v2\/pages\/9131\/revisions\/9266"}],"wp:attachment":[{"href":"https:\/\/www.katana-ffm.de\/en\/wp-json\/wp\/v2\/media?parent=9131"}],"curies":[{"name":"wp","href":"https:\/\/api.w.org\/{rel}","templated":true}]}}